{"id":1008,"date":"2022-08-14T15:03:54","date_gmt":"2022-08-14T13:03:54","guid":{"rendered":"https:\/\/solutionsandsafety.com\/?page_id=1008"},"modified":"2024-01-25T15:11:04","modified_gmt":"2024-01-25T14:11:04","slug":"szolgaltatasok-munkavedelem-tuzvedelem-emelogep","status":"publish","type":"page","link":"https:\/\/solutionsandsafety.com\/en\/szolgaltatasok-munkavedelem-tuzvedelem-emelogep\/","title":{"rendered":"Services"},"content":{"rendered":"<div data-elementor-type=\"wp-page\" data-elementor-id=\"1008\" class=\"elementor elementor-1008\">\n\t\t\t\t\t\t<section class=\"elementor-section elementor-top-section elementor-element elementor-element-4603886b elementor-section-full_width elementor-section-height-min-height elementor-section-items-stretch elementor-section-content-middle elementor-section-height-default\" data-id=\"4603886b\" data-element_type=\"section\" data-e-type=\"section\">\n\t\t\t\t\t\t<div class=\"elementor-container elementor-column-gap-no\">\n\t\t\t\t\t<div class=\"elementor-column elementor-col-50 elementor-top-column elementor-element elementor-element-24e7178\" data-id=\"24e7178\" data-element_type=\"column\" data-e-type=\"column\">\n\t\t\t<div class=\"elementor-widget-wrap elementor-element-populated\">\n\t\t\t\t\t\t<div class=\"elementor-element elementor-element-767a80c elementor-widget elementor-widget-image\" data-id=\"767a80c\" data-element_type=\"widget\" data-e-type=\"widget\" data-widget_type=\"image.default\">\n\t\t\t\t<div class=\"elementor-widget-container\">\n\t\t\t\t\t\t\t\t\t\t\t\t\t\t\t<img fetchpriority=\"high\" decoding=\"async\" width=\"800\" height=\"450\" src=\"https:\/\/solutionsandsafety.com\/wp-content\/uploads\/2023\/02\/Munkavedelem-1-1024x576.png\" class=\"attachment-large size-large wp-image-1944\" alt=\"\" srcset=\"https:\/\/solutionsandsafety.com\/wp-content\/uploads\/2023\/02\/Munkavedelem-1-1024x576.png 1024w, https:\/\/solutionsandsafety.com\/wp-content\/uploads\/2023\/02\/Munkavedelem-1-700x394.png 700w, https:\/\/solutionsandsafety.com\/wp-content\/uploads\/2023\/02\/Munkavedelem-1-768x432.png 768w, https:\/\/solutionsandsafety.com\/wp-content\/uploads\/2023\/02\/Munkavedelem-1-1536x864.png 1536w, https:\/\/solutionsandsafety.com\/wp-content\/uploads\/2023\/02\/Munkavedelem-1.png 1920w\" sizes=\"(max-width: 800px) 100vw, 800px\" \/>\t\t\t\t\t\t\t\t\t\t\t\t\t\t\t<\/div>\n\t\t\t\t<\/div>\n\t\t\t\t\t<\/div>\n\t\t<\/div>\n\t\t\t\t<div class=\"elementor-column elementor-col-50 elementor-top-column elementor-element elementor-element-4d6b349e\" data-id=\"4d6b349e\" data-element_type=\"column\" data-e-type=\"column\">\n\t\t\t<div class=\"elementor-widget-wrap elementor-element-populated\">\n\t\t\t\t\t\t<div class=\"elementor-element elementor-element-7bd987 elementor-widget elementor-widget-heading\" data-id=\"7bd987\" data-element_type=\"widget\" data-e-type=\"widget\" data-widget_type=\"heading.default\">\n\t\t\t\t<div class=\"elementor-widget-container\">\n\t\t\t\t\t<h2 class=\"elementor-heading-title elementor-size-default\">Labor safety<\/h2>\t\t\t\t<\/div>\n\t\t\t\t<\/div>\n\t\t\t\t<div class=\"elementor-element elementor-element-612bdec1 elementor-widget elementor-widget-text-editor\" data-id=\"612bdec1\" data-element_type=\"widget\" data-e-type=\"widget\" data-widget_type=\"text-editor.default\">\n\t\t\t\t<div class=\"elementor-widget-container\">\n\t\t\t\t\t\t\t\t\t<ul><li>Compilation of labor safety risk assessments<\/li><li>Coordination about safety and health issues in the construction industry<\/li><li>Conducting safety commissioning procedures<\/li><li>Compilation of labor safety regulations<\/li><li>Definition of a scheme of personal protective equipment allowance<\/li><li>Participation in project licensing procedures, full project management if necessary<\/li><li>Compilation of rescue plans<\/li><li>Providing safety induction for new and existing employees\u00a0\u00a0<\/li><li>Organization and delivery of trainings and courses<\/li><\/ul>\t\t\t\t\t\t\t\t<\/div>\n\t\t\t\t<\/div>\n\t\t\t\t<div class=\"elementor-element elementor-element-5a5fc064 elementor-widget elementor-widget-button\" data-id=\"5a5fc064\" data-element_type=\"widget\" data-e-type=\"widget\" data-widget_type=\"button.default\">\n\t\t\t\t<div class=\"elementor-widget-container\">\n\t\t\t\t\t\t\t\t\t<div class=\"elementor-button-wrapper\">\n\t\t\t\t\t<a class=\"elementor-button elementor-button-link elementor-size-sm elementor-animation-grow\" href=\"https:\/\/solutionsandsafety.com\/en\/kapcsoalt\/\">\n\t\t\t\t\t\t<span class=\"elementor-button-content-wrapper\">\n\t\t\t\t\t\t\t\t\t<span class=\"elementor-button-text\">Contact<\/span>\n\t\t\t\t\t<\/span>\n\t\t\t\t\t<\/a>\n\t\t\t\t<\/div>\n\t\t\t\t\t\t\t\t<\/div>\n\t\t\t\t<\/div>\n\t\t\t\t\t<\/div>\n\t\t<\/div>\n\t\t\t\t\t<\/div>\n\t\t<\/section>\n\t\t\t\t<section class=\"elementor-section elementor-top-section elementor-element elementor-element-59f47c13 elementor-section-full_width elementor-section-height-min-height elementor-section-items-stretch elementor-section-content-middle elementor-reverse-mobile elementor-section-height-default\" data-id=\"59f47c13\" data-element_type=\"section\" data-e-type=\"section\" data-settings=\"{&quot;background_background&quot;:&quot;classic&quot;}\">\n\t\t\t\t\t\t\t<div class=\"elementor-background-overlay\"><\/div>\n\t\t\t\t\t\t\t<div class=\"elementor-container elementor-column-gap-no\">\n\t\t\t\t\t<div class=\"elementor-column elementor-col-50 elementor-top-column elementor-element elementor-element-1f8dbde\" data-id=\"1f8dbde\" data-element_type=\"column\" data-e-type=\"column\">\n\t\t\t<div class=\"elementor-widget-wrap elementor-element-populated\">\n\t\t\t\t\t\t<div class=\"elementor-element elementor-element-59b63ca1 elementor-widget elementor-widget-heading\" data-id=\"59b63ca1\" data-element_type=\"widget\" data-e-type=\"widget\" data-widget_type=\"heading.default\">\n\t\t\t\t<div class=\"elementor-widget-container\">\n\t\t\t\t\t<h2 class=\"elementor-heading-title elementor-size-default\">Fire safety<\/h2>\t\t\t\t<\/div>\n\t\t\t\t<\/div>\n\t\t\t\t<div class=\"elementor-element elementor-element-11aac6d1 elementor-widget elementor-widget-text-editor\" data-id=\"11aac6d1\" data-element_type=\"widget\" data-e-type=\"widget\" data-widget_type=\"text-editor.default\">\n\t\t\t\t<div class=\"elementor-widget-container\">\n\t\t\t\t\t\t\t\t\t<ul><li>Compilation, ongoing updating and revisions of fire safety codes<\/li><li>Fire hazard and risk classification<\/li><li>Developing fire alert plans Their continuous reviews<\/li><li>Compilation of theoretical and practical fire safety training materials<\/li><li>Conducting and documentation of fire safety trainings<\/li><li>Determining the conditions for fire safety work<\/li><li>Definition and inspections of the storages of flammable materials<\/li><\/ul>\t\t\t\t\t\t\t\t<\/div>\n\t\t\t\t<\/div>\n\t\t\t\t<div class=\"elementor-element elementor-element-1edc3bed elementor-widget elementor-widget-button\" data-id=\"1edc3bed\" data-element_type=\"widget\" data-e-type=\"widget\" data-widget_type=\"button.default\">\n\t\t\t\t<div class=\"elementor-widget-container\">\n\t\t\t\t\t\t\t\t\t<div class=\"elementor-button-wrapper\">\n\t\t\t\t\t<a class=\"elementor-button elementor-button-link elementor-size-sm elementor-animation-grow\" href=\"#\">\n\t\t\t\t\t\t<span class=\"elementor-button-content-wrapper\">\n\t\t\t\t\t\t\t\t\t<span class=\"elementor-button-text\">Contact<\/span>\n\t\t\t\t\t<\/span>\n\t\t\t\t\t<\/a>\n\t\t\t\t<\/div>\n\t\t\t\t\t\t\t\t<\/div>\n\t\t\t\t<\/div>\n\t\t\t\t\t<\/div>\n\t\t<\/div>\n\t\t\t\t<div class=\"elementor-column elementor-col-50 elementor-top-column elementor-element elementor-element-1c386fe1\" data-id=\"1c386fe1\" data-element_type=\"column\" data-e-type=\"column\">\n\t\t\t<div class=\"elementor-widget-wrap elementor-element-populated\">\n\t\t\t\t\t\t<div class=\"elementor-element elementor-element-7ceb344e elementor-widget elementor-widget-image\" data-id=\"7ceb344e\" data-element_type=\"widget\" data-e-type=\"widget\" data-widget_type=\"image.default\">\n\t\t\t\t<div class=\"elementor-widget-container\">\n\t\t\t\t\t\t\t\t\t\t\t\t\t\t\t<img decoding=\"async\" width=\"800\" height=\"450\" data-src=\"https:\/\/solutionsandsafety.com\/wp-content\/uploads\/2023\/02\/Tuzvedelem-1-1024x576.png\" class=\"attachment-large size-large wp-image-1947 lazyload\" alt=\"\" data-srcset=\"https:\/\/solutionsandsafety.com\/wp-content\/uploads\/2023\/02\/Tuzvedelem-1-1024x576.png 1024w, https:\/\/solutionsandsafety.com\/wp-content\/uploads\/2023\/02\/Tuzvedelem-1-700x394.png 700w, https:\/\/solutionsandsafety.com\/wp-content\/uploads\/2023\/02\/Tuzvedelem-1-768x432.png 768w, https:\/\/solutionsandsafety.com\/wp-content\/uploads\/2023\/02\/Tuzvedelem-1-1536x864.png 1536w, https:\/\/solutionsandsafety.com\/wp-content\/uploads\/2023\/02\/Tuzvedelem-1.png 1920w\" data-sizes=\"(max-width: 800px) 100vw, 800px\" src=\"data:image\/svg+xml;base64,PHN2ZyB3aWR0aD0iMSIgaGVpZ2h0PSIxIiB4bWxucz0iaHR0cDovL3d3dy53My5vcmcvMjAwMC9zdmciPjwvc3ZnPg==\" style=\"--smush-placeholder-width: 800px; --smush-placeholder-aspect-ratio: 800\/450;\" \/>\t\t\t\t\t\t\t\t\t\t\t\t\t\t\t<\/div>\n\t\t\t\t<\/div>\n\t\t\t\t\t<\/div>\n\t\t<\/div>\n\t\t\t\t\t<\/div>\n\t\t<\/section>\n\t\t\t\t<section class=\"elementor-section elementor-top-section elementor-element elementor-element-7c222f3d elementor-section-full_width elementor-section-height-min-height elementor-section-items-stretch elementor-section-content-middle elementor-section-height-default\" data-id=\"7c222f3d\" data-element_type=\"section\" data-e-type=\"section\">\n\t\t\t\t\t\t<div class=\"elementor-container elementor-column-gap-no\">\n\t\t\t\t\t<div class=\"elementor-column elementor-col-50 elementor-top-column elementor-element elementor-element-30bd2886\" data-id=\"30bd2886\" data-element_type=\"column\" data-e-type=\"column\">\n\t\t\t<div class=\"elementor-widget-wrap elementor-element-populated\">\n\t\t\t\t\t\t<div class=\"elementor-element elementor-element-5255708c elementor-widget elementor-widget-image\" data-id=\"5255708c\" data-element_type=\"widget\" data-e-type=\"widget\" data-widget_type=\"image.default\">\n\t\t\t\t<div class=\"elementor-widget-container\">\n\t\t\t\t\t\t\t\t\t\t\t\t\t\t\t<img decoding=\"async\" width=\"800\" height=\"450\" data-src=\"https:\/\/solutionsandsafety.com\/wp-content\/uploads\/2023\/02\/Emelokocsi-1-1024x576.png\" class=\"attachment-large size-large wp-image-1950 lazyload\" alt=\"\" data-srcset=\"https:\/\/solutionsandsafety.com\/wp-content\/uploads\/2023\/02\/Emelokocsi-1-1024x576.png 1024w, https:\/\/solutionsandsafety.com\/wp-content\/uploads\/2023\/02\/Emelokocsi-1-700x394.png 700w, https:\/\/solutionsandsafety.com\/wp-content\/uploads\/2023\/02\/Emelokocsi-1-768x432.png 768w, https:\/\/solutionsandsafety.com\/wp-content\/uploads\/2023\/02\/Emelokocsi-1-1536x864.png 1536w, https:\/\/solutionsandsafety.com\/wp-content\/uploads\/2023\/02\/Emelokocsi-1.png 1920w\" data-sizes=\"(max-width: 800px) 100vw, 800px\" src=\"data:image\/svg+xml;base64,PHN2ZyB3aWR0aD0iMSIgaGVpZ2h0PSIxIiB4bWxucz0iaHR0cDovL3d3dy53My5vcmcvMjAwMC9zdmciPjwvc3ZnPg==\" style=\"--smush-placeholder-width: 800px; --smush-placeholder-aspect-ratio: 800\/450;\" \/>\t\t\t\t\t\t\t\t\t\t\t\t\t\t\t<\/div>\n\t\t\t\t<\/div>\n\t\t\t\t\t<\/div>\n\t\t<\/div>\n\t\t\t\t<div class=\"elementor-column elementor-col-50 elementor-top-column elementor-element elementor-element-1b37f576\" data-id=\"1b37f576\" data-element_type=\"column\" data-e-type=\"column\">\n\t\t\t<div class=\"elementor-widget-wrap elementor-element-populated\">\n\t\t\t\t\t\t<div class=\"elementor-element elementor-element-7a883549 elementor-widget elementor-widget-heading\" data-id=\"7a883549\" data-element_type=\"widget\" data-e-type=\"widget\" data-widget_type=\"heading.default\">\n\t\t\t\t<div class=\"elementor-widget-container\">\n\t\t\t\t\t<h2 class=\"elementor-heading-title elementor-size-default\">Elevators<\/h2>\t\t\t\t<\/div>\n\t\t\t\t<\/div>\n\t\t\t\t<div class=\"elementor-element elementor-element-5a3a6153 elementor-widget elementor-widget-text-editor\" data-id=\"5a3a6153\" data-element_type=\"widget\" data-e-type=\"widget\" data-widget_type=\"text-editor.default\">\n\t\t\t\t<div class=\"elementor-widget-container\">\n\t\t\t\t\t\t\t\t\t<ul><li>Preliminary safety inspection of elevators, commissioning, determination of operating group numbers<\/li><li>Periodic mechanical inspection of the elevators, writing protocols<\/li><li>Carrying out and documenting inspections according to the inspection plan<\/li><li>Replacement of pictograms, safety signs<\/li><\/ul>\t\t\t\t\t\t\t\t<\/div>\n\t\t\t\t<\/div>\n\t\t\t\t<div class=\"elementor-element elementor-element-9676469 elementor-widget elementor-widget-button\" data-id=\"9676469\" data-element_type=\"widget\" data-e-type=\"widget\" data-widget_type=\"button.default\">\n\t\t\t\t<div class=\"elementor-widget-container\">\n\t\t\t\t\t\t\t\t\t<div class=\"elementor-button-wrapper\">\n\t\t\t\t\t<a class=\"elementor-button elementor-button-link elementor-size-sm elementor-animation-grow\" href=\"#\">\n\t\t\t\t\t\t<span class=\"elementor-button-content-wrapper\">\n\t\t\t\t\t\t\t\t\t<span class=\"elementor-button-text\">Contact<\/span>\n\t\t\t\t\t<\/span>\n\t\t\t\t\t<\/a>\n\t\t\t\t<\/div>\n\t\t\t\t\t\t\t\t<\/div>\n\t\t\t\t<\/div>\n\t\t\t\t\t<\/div>\n\t\t<\/div>\n\t\t\t\t\t<\/div>\n\t\t<\/section>\n\t\t\t\t<\/div>","protected":false},"excerpt":{"rendered":"<p>Munkav\u00e9delem Munkav\u00e9delmi kock\u00e1zat\u00e9rt\u00e9kel\u00e9s k\u00e9sz\u00edt\u00e9se \u00c9p\u00edt\u0151ipari biztons\u00e1g- \u00e9s eg\u00e9szs\u00e9gv\u00e9delmi koordin\u00e1ci\u00f3 Munkav\u00e9delmi \u00fczembe helyez\u00e9si elj\u00e1r\u00e1sok lefolytat\u00e1sa Munkav\u00e9delmi szab\u00e1lyzat k\u00e9sz\u00edt\u00e9se Egy\u00e9ni v\u00e9d\u0151eszk\u00f6z juttat\u00e1s rendj\u00e9nek meghat\u00e1roz\u00e1sa Projekteken enged\u00e9lyez\u00e9si elj\u00e1r\u00e1sokban val\u00f3 r\u00e9szv\u00e9tel, ig\u00e9ny eset\u00e9n teljes lebonyol\u00edt\u00e1s Ment\u00e9si terv k\u00e9sz\u00edt\u00e9se \u00daj, megl\u00e9v\u0151 munkav\u00e1llal\u00f3k mukav\u00e9delmi oktat\u00e1sa\u00a0 Tr\u00e9ningek, oktat\u00e1sok szervez\u00e9se, lebonyol\u00edt\u00e1sa Kapcsolatfelv\u00e9tel T\u0171zv\u00e9delem -T\u0171zv\u00e9delmi szab\u00e1lyzat k\u00e9sz\u00edt\u00e9se \u00e9s folyamatos karbantart\u00e1sa, fel\u00fclvizsg\u00e1lat T\u0171zvesz\u00e9lyess\u00e9gi \u00e9s kock\u00e1zati [&hellip;]<\/p>","protected":false},"author":1,"featured_media":940,"parent":0,"menu_order":0,"comment_status":"closed","ping_status":"closed","template":"","meta":{"footnotes":""},"class_list":["post-1008","page","type-page","status-publish","has-post-thumbnail","hentry"],"yoast_head":"<!-- This site is optimized with the Yoast SEO plugin v27.4 - https:\/\/yoast.com\/product\/yoast-seo-wordpress\/ -->\n<title>Szolg\u00e1ltat\u00e1sok - solutionsandsafety.com<\/title>\n<meta name=\"description\" content=\"Munkav\u00e9delmi kock\u00e1zat\u00e9rt\u00e9kel\u00e9s k\u00e9sz\u00edt\u00e9se. T\u0171zv\u00e9delmi szab\u00e1lyzat k\u00e9sz\u00edt\u00e9se fel\u00fclvizsg\u00e1lat. Emel\u0151g\u00e9p munkav\u00e9delmi szempont\u00fa vizsg\u00e1lata.\" \/>\n<meta name=\"robots\" content=\"index, follow, max-snippet:-1, max-image-preview:large, max-video-preview:-1\" \/>\n<link rel=\"canonical\" href=\"https:\/\/solutionsandsafety.com\/en\/szolgaltatasok-munkavedelem-tuzvedelem-emelogep\/\" \/>\n<meta property=\"og:locale\" content=\"en_GB\" \/>\n<meta property=\"og:type\" content=\"article\" \/>\n<meta property=\"og:title\" content=\"Szolg\u00e1ltat\u00e1sok - solutionsandsafety.com\" \/>\n<meta property=\"og:description\" content=\"Munkav\u00e9delmi kock\u00e1zat\u00e9rt\u00e9kel\u00e9s k\u00e9sz\u00edt\u00e9se. T\u0171zv\u00e9delmi szab\u00e1lyzat k\u00e9sz\u00edt\u00e9se fel\u00fclvizsg\u00e1lat. Emel\u0151g\u00e9p munkav\u00e9delmi szempont\u00fa vizsg\u00e1lata.\" \/>\n<meta property=\"og:url\" content=\"https:\/\/solutionsandsafety.com\/en\/szolgaltatasok-munkavedelem-tuzvedelem-emelogep\/\" \/>\n<meta property=\"og:site_name\" content=\"solutionsandsafety.com\" \/>\n<meta property=\"article:modified_time\" content=\"2024-01-25T14:11:04+00:00\" \/>\n<meta property=\"og:image\" content=\"https:\/\/solutionsandsafety.com\/wp-content\/uploads\/2022\/08\/Alcimsor-hozzaadasa-110-\u00d7-100-keppont-90-\u00d7-60-keppont-90-\u00d7-60-keppont-1000-\u00d7-1000-keppont-Logo.png\" \/>\n\t<meta property=\"og:image:width\" content=\"500\" \/>\n\t<meta property=\"og:image:height\" content=\"500\" \/>\n\t<meta property=\"og:image:type\" content=\"image\/png\" \/>\n<meta name=\"twitter:card\" content=\"summary_large_image\" \/>\n<meta name=\"twitter:label1\" content=\"Estimated reading time\" \/>\n\t<meta name=\"twitter:data1\" content=\"2 minutes\" \/>\n<script type=\"application\/ld+json\" class=\"yoast-schema-graph\">{\"@context\":\"https:\\\/\\\/schema.org\",\"@graph\":[{\"@type\":\"WebPage\",\"@id\":\"https:\\\/\\\/solutionsandsafety.com\\\/szolgaltatasok-munkavedelem-tuzvedelem-emelogep\\\/\",\"url\":\"https:\\\/\\\/solutionsandsafety.com\\\/szolgaltatasok-munkavedelem-tuzvedelem-emelogep\\\/\",\"name\":\"Szolg\u00e1ltat\u00e1sok - solutionsandsafety.com\",\"isPartOf\":{\"@id\":\"https:\\\/\\\/solutionsandsafety.com\\\/#website\"},\"primaryImageOfPage\":{\"@id\":\"https:\\\/\\\/solutionsandsafety.com\\\/szolgaltatasok-munkavedelem-tuzvedelem-emelogep\\\/#primaryimage\"},\"image\":{\"@id\":\"https:\\\/\\\/solutionsandsafety.com\\\/szolgaltatasok-munkavedelem-tuzvedelem-emelogep\\\/#primaryimage\"},\"thumbnailUrl\":\"https:\\\/\\\/solutionsandsafety.com\\\/wp-content\\\/uploads\\\/2022\\\/08\\\/Alcimsor-hozzaadasa-110-\u00d7-100-keppont-90-\u00d7-60-keppont-90-\u00d7-60-keppont-1000-\u00d7-1000-keppont-Logo.png\",\"datePublished\":\"2022-08-14T13:03:54+00:00\",\"dateModified\":\"2024-01-25T14:11:04+00:00\",\"description\":\"Munkav\u00e9delmi kock\u00e1zat\u00e9rt\u00e9kel\u00e9s k\u00e9sz\u00edt\u00e9se. T\u0171zv\u00e9delmi szab\u00e1lyzat k\u00e9sz\u00edt\u00e9se fel\u00fclvizsg\u00e1lat. Emel\u0151g\u00e9p munkav\u00e9delmi szempont\u00fa vizsg\u00e1lata.\",\"breadcrumb\":{\"@id\":\"https:\\\/\\\/solutionsandsafety.com\\\/szolgaltatasok-munkavedelem-tuzvedelem-emelogep\\\/#breadcrumb\"},\"inLanguage\":\"en-GB\",\"potentialAction\":[{\"@type\":\"ReadAction\",\"target\":[\"https:\\\/\\\/solutionsandsafety.com\\\/szolgaltatasok-munkavedelem-tuzvedelem-emelogep\\\/\"]}]},{\"@type\":\"ImageObject\",\"inLanguage\":\"en-GB\",\"@id\":\"https:\\\/\\\/solutionsandsafety.com\\\/szolgaltatasok-munkavedelem-tuzvedelem-emelogep\\\/#primaryimage\",\"url\":\"https:\\\/\\\/solutionsandsafety.com\\\/wp-content\\\/uploads\\\/2022\\\/08\\\/Alcimsor-hozzaadasa-110-\u00d7-100-keppont-90-\u00d7-60-keppont-90-\u00d7-60-keppont-1000-\u00d7-1000-keppont-Logo.png\",\"contentUrl\":\"https:\\\/\\\/solutionsandsafety.com\\\/wp-content\\\/uploads\\\/2022\\\/08\\\/Alcimsor-hozzaadasa-110-\u00d7-100-keppont-90-\u00d7-60-keppont-90-\u00d7-60-keppont-1000-\u00d7-1000-keppont-Logo.png\",\"width\":500,\"height\":500},{\"@type\":\"BreadcrumbList\",\"@id\":\"https:\\\/\\\/solutionsandsafety.com\\\/szolgaltatasok-munkavedelem-tuzvedelem-emelogep\\\/#breadcrumb\",\"itemListElement\":[{\"@type\":\"ListItem\",\"position\":1,\"name\":\"Kezd\u0151lap\",\"item\":\"https:\\\/\\\/solutionsandsafety.com\\\/\"},{\"@type\":\"ListItem\",\"position\":2,\"name\":\"Szolg\u00e1ltat\u00e1sok\"}]},{\"@type\":\"WebSite\",\"@id\":\"https:\\\/\\\/solutionsandsafety.com\\\/#website\",\"url\":\"https:\\\/\\\/solutionsandsafety.com\\\/\",\"name\":\"solutionsandsafety.com\",\"description\":\"Munkav\u00e9delem \u00e9s biztons\u00e1g\",\"publisher\":{\"@id\":\"https:\\\/\\\/solutionsandsafety.com\\\/#organization\"},\"potentialAction\":[{\"@type\":\"SearchAction\",\"target\":{\"@type\":\"EntryPoint\",\"urlTemplate\":\"https:\\\/\\\/solutionsandsafety.com\\\/?s={search_term_string}\"},\"query-input\":{\"@type\":\"PropertyValueSpecification\",\"valueRequired\":true,\"valueName\":\"search_term_string\"}}],\"inLanguage\":\"en-GB\"},{\"@type\":\"Organization\",\"@id\":\"https:\\\/\\\/solutionsandsafety.com\\\/#organization\",\"name\":\"solutionsandsafety.kft\",\"url\":\"https:\\\/\\\/solutionsandsafety.com\\\/\",\"logo\":{\"@type\":\"ImageObject\",\"inLanguage\":\"en-GB\",\"@id\":\"https:\\\/\\\/solutionsandsafety.com\\\/#\\\/schema\\\/logo\\\/image\\\/\",\"url\":\"https:\\\/\\\/solutionsandsafety.com\\\/wp-content\\\/uploads\\\/2022\\\/08\\\/Alcimsor-hozzaadasa-110-\u00d7-100-keppont-90-\u00d7-60-keppont-90-\u00d7-60-keppont-1000-\u00d7-1000-keppont-Logo.png\",\"contentUrl\":\"https:\\\/\\\/solutionsandsafety.com\\\/wp-content\\\/uploads\\\/2022\\\/08\\\/Alcimsor-hozzaadasa-110-\u00d7-100-keppont-90-\u00d7-60-keppont-90-\u00d7-60-keppont-1000-\u00d7-1000-keppont-Logo.png\",\"width\":500,\"height\":500,\"caption\":\"solutionsandsafety.kft\"},\"image\":{\"@id\":\"https:\\\/\\\/solutionsandsafety.com\\\/#\\\/schema\\\/logo\\\/image\\\/\"}}]}<\/script>\n<!-- \/ Yoast SEO plugin. -->","yoast_head_json":{"title":"Szolg\u00e1ltat\u00e1sok - solutionsandsafety.com","description":"Munkav\u00e9delmi kock\u00e1zat\u00e9rt\u00e9kel\u00e9s k\u00e9sz\u00edt\u00e9se. T\u0171zv\u00e9delmi szab\u00e1lyzat k\u00e9sz\u00edt\u00e9se fel\u00fclvizsg\u00e1lat. Emel\u0151g\u00e9p munkav\u00e9delmi szempont\u00fa vizsg\u00e1lata.","robots":{"index":"index","follow":"follow","max-snippet":"max-snippet:-1","max-image-preview":"max-image-preview:large","max-video-preview":"max-video-preview:-1"},"canonical":"https:\/\/solutionsandsafety.com\/en\/szolgaltatasok-munkavedelem-tuzvedelem-emelogep\/","og_locale":"en_GB","og_type":"article","og_title":"Szolg\u00e1ltat\u00e1sok - solutionsandsafety.com","og_description":"Munkav\u00e9delmi kock\u00e1zat\u00e9rt\u00e9kel\u00e9s k\u00e9sz\u00edt\u00e9se. T\u0171zv\u00e9delmi szab\u00e1lyzat k\u00e9sz\u00edt\u00e9se fel\u00fclvizsg\u00e1lat. Emel\u0151g\u00e9p munkav\u00e9delmi szempont\u00fa vizsg\u00e1lata.","og_url":"https:\/\/solutionsandsafety.com\/en\/szolgaltatasok-munkavedelem-tuzvedelem-emelogep\/","og_site_name":"solutionsandsafety.com","article_modified_time":"2024-01-25T14:11:04+00:00","og_image":[{"width":500,"height":500,"url":"https:\/\/solutionsandsafety.com\/wp-content\/uploads\/2022\/08\/Alcimsor-hozzaadasa-110-\u00d7-100-keppont-90-\u00d7-60-keppont-90-\u00d7-60-keppont-1000-\u00d7-1000-keppont-Logo.png","type":"image\/png"}],"twitter_card":"summary_large_image","twitter_misc":{"Estimated reading time":"2 minutes"},"schema":{"@context":"https:\/\/schema.org","@graph":[{"@type":"WebPage","@id":"https:\/\/solutionsandsafety.com\/szolgaltatasok-munkavedelem-tuzvedelem-emelogep\/","url":"https:\/\/solutionsandsafety.com\/szolgaltatasok-munkavedelem-tuzvedelem-emelogep\/","name":"Szolg\u00e1ltat\u00e1sok - solutionsandsafety.com","isPartOf":{"@id":"https:\/\/solutionsandsafety.com\/#website"},"primaryImageOfPage":{"@id":"https:\/\/solutionsandsafety.com\/szolgaltatasok-munkavedelem-tuzvedelem-emelogep\/#primaryimage"},"image":{"@id":"https:\/\/solutionsandsafety.com\/szolgaltatasok-munkavedelem-tuzvedelem-emelogep\/#primaryimage"},"thumbnailUrl":"https:\/\/solutionsandsafety.com\/wp-content\/uploads\/2022\/08\/Alcimsor-hozzaadasa-110-\u00d7-100-keppont-90-\u00d7-60-keppont-90-\u00d7-60-keppont-1000-\u00d7-1000-keppont-Logo.png","datePublished":"2022-08-14T13:03:54+00:00","dateModified":"2024-01-25T14:11:04+00:00","description":"Munkav\u00e9delmi kock\u00e1zat\u00e9rt\u00e9kel\u00e9s k\u00e9sz\u00edt\u00e9se. T\u0171zv\u00e9delmi szab\u00e1lyzat k\u00e9sz\u00edt\u00e9se fel\u00fclvizsg\u00e1lat. Emel\u0151g\u00e9p munkav\u00e9delmi szempont\u00fa vizsg\u00e1lata.","breadcrumb":{"@id":"https:\/\/solutionsandsafety.com\/szolgaltatasok-munkavedelem-tuzvedelem-emelogep\/#breadcrumb"},"inLanguage":"en-GB","potentialAction":[{"@type":"ReadAction","target":["https:\/\/solutionsandsafety.com\/szolgaltatasok-munkavedelem-tuzvedelem-emelogep\/"]}]},{"@type":"ImageObject","inLanguage":"en-GB","@id":"https:\/\/solutionsandsafety.com\/szolgaltatasok-munkavedelem-tuzvedelem-emelogep\/#primaryimage","url":"https:\/\/solutionsandsafety.com\/wp-content\/uploads\/2022\/08\/Alcimsor-hozzaadasa-110-\u00d7-100-keppont-90-\u00d7-60-keppont-90-\u00d7-60-keppont-1000-\u00d7-1000-keppont-Logo.png","contentUrl":"https:\/\/solutionsandsafety.com\/wp-content\/uploads\/2022\/08\/Alcimsor-hozzaadasa-110-\u00d7-100-keppont-90-\u00d7-60-keppont-90-\u00d7-60-keppont-1000-\u00d7-1000-keppont-Logo.png","width":500,"height":500},{"@type":"BreadcrumbList","@id":"https:\/\/solutionsandsafety.com\/szolgaltatasok-munkavedelem-tuzvedelem-emelogep\/#breadcrumb","itemListElement":[{"@type":"ListItem","position":1,"name":"Kezd\u0151lap","item":"https:\/\/solutionsandsafety.com\/"},{"@type":"ListItem","position":2,"name":"Szolg\u00e1ltat\u00e1sok"}]},{"@type":"WebSite","@id":"https:\/\/solutionsandsafety.com\/#website","url":"https:\/\/solutionsandsafety.com\/","name":"solutionsandsafety.com","description":"Munkav\u00e9delem \u00e9s biztons\u00e1g","publisher":{"@id":"https:\/\/solutionsandsafety.com\/#organization"},"potentialAction":[{"@type":"SearchAction","target":{"@type":"EntryPoint","urlTemplate":"https:\/\/solutionsandsafety.com\/?s={search_term_string}"},"query-input":{"@type":"PropertyValueSpecification","valueRequired":true,"valueName":"search_term_string"}}],"inLanguage":"en-GB"},{"@type":"Organization","@id":"https:\/\/solutionsandsafety.com\/#organization","name":"solutionsandsafety.kft","url":"https:\/\/solutionsandsafety.com\/","logo":{"@type":"ImageObject","inLanguage":"en-GB","@id":"https:\/\/solutionsandsafety.com\/#\/schema\/logo\/image\/","url":"https:\/\/solutionsandsafety.com\/wp-content\/uploads\/2022\/08\/Alcimsor-hozzaadasa-110-\u00d7-100-keppont-90-\u00d7-60-keppont-90-\u00d7-60-keppont-1000-\u00d7-1000-keppont-Logo.png","contentUrl":"https:\/\/solutionsandsafety.com\/wp-content\/uploads\/2022\/08\/Alcimsor-hozzaadasa-110-\u00d7-100-keppont-90-\u00d7-60-keppont-90-\u00d7-60-keppont-1000-\u00d7-1000-keppont-Logo.png","width":500,"height":500,"caption":"solutionsandsafety.kft"},"image":{"@id":"https:\/\/solutionsandsafety.com\/#\/schema\/logo\/image\/"}}]}},"_links":{"self":[{"href":"https:\/\/solutionsandsafety.com\/en\/wp-json\/wp\/v2\/pages\/1008","targetHints":{"allow":["GET"]}}],"collection":[{"href":"https:\/\/solutionsandsafety.com\/en\/wp-json\/wp\/v2\/pages"}],"about":[{"href":"https:\/\/solutionsandsafety.com\/en\/wp-json\/wp\/v2\/types\/page"}],"author":[{"embeddable":true,"href":"https:\/\/solutionsandsafety.com\/en\/wp-json\/wp\/v2\/users\/1"}],"replies":[{"embeddable":true,"href":"https:\/\/solutionsandsafety.com\/en\/wp-json\/wp\/v2\/comments?post=1008"}],"version-history":[{"count":51,"href":"https:\/\/solutionsandsafety.com\/en\/wp-json\/wp\/v2\/pages\/1008\/revisions"}],"predecessor-version":[{"id":2022,"href":"https:\/\/solutionsandsafety.com\/en\/wp-json\/wp\/v2\/pages\/1008\/revisions\/2022"}],"wp:featuredmedia":[{"embeddable":true,"href":"https:\/\/solutionsandsafety.com\/en\/wp-json\/wp\/v2\/media\/940"}],"wp:attachment":[{"href":"https:\/\/solutionsandsafety.com\/en\/wp-json\/wp\/v2\/media?parent=1008"}],"curies":[{"name":"wp","href":"https:\/\/api.w.org\/{rel}","templated":true}]}}