{"id":1010,"date":"2022-08-14T15:04:13","date_gmt":"2022-08-14T13:04:13","guid":{"rendered":"https:\/\/solutionsandsafety.com\/?page_id=1010"},"modified":"2023-02-03T10:58:33","modified_gmt":"2023-02-03T09:58:33","slug":"kapcsoalt","status":"publish","type":"page","link":"https:\/\/solutionsandsafety.com\/en\/kapcsoalt\/","title":{"rendered":"Contact"},"content":{"rendered":"<div data-elementor-type=\"wp-page\" data-elementor-id=\"1010\" class=\"elementor elementor-1010\">\n\t\t\t\t\t\t<section class=\"elementor-section elementor-top-section elementor-element elementor-element-874bcd0 elementor-section-content-middle elementor-section-boxed elementor-section-height-default elementor-section-height-default\" data-id=\"874bcd0\" data-element_type=\"section\" data-e-type=\"section\" data-settings=\"{&quot;background_background&quot;:&quot;classic&quot;}\">\n\t\t\t\t\t\t<div class=\"elementor-container elementor-column-gap-default\">\n\t\t\t\t\t<div class=\"elementor-column elementor-col-50 elementor-top-column elementor-element elementor-element-0733c7f\" data-id=\"0733c7f\" data-element_type=\"column\" data-e-type=\"column\">\n\t\t\t<div class=\"elementor-widget-wrap elementor-element-populated\">\n\t\t\t\t\t\t<div class=\"elementor-element elementor-element-e5780cc elementor-widget elementor-widget-heading\" data-id=\"e5780cc\" data-element_type=\"widget\" data-e-type=\"widget\" data-widget_type=\"heading.default\">\n\t\t\t\t<div class=\"elementor-widget-container\">\n\t\t\t\t\t<h2 class=\"elementor-heading-title elementor-size-default\">Contact<\/h2>\t\t\t\t<\/div>\n\t\t\t\t<\/div>\n\t\t\t\t<div class=\"elementor-element elementor-element-4eb8a78 elementor-position-inline-start elementor-view-default elementor-mobile-position-block-start elementor-widget elementor-widget-icon-box\" data-id=\"4eb8a78\" data-element_type=\"widget\" data-e-type=\"widget\" data-widget_type=\"icon-box.default\">\n\t\t\t\t<div class=\"elementor-widget-container\">\n\t\t\t\t\t\t\t<div class=\"elementor-icon-box-wrapper\">\n\n\t\t\t\t\t\t<div class=\"elementor-icon-box-icon\">\n\t\t\t\t<a href=\"tel:+36704214383\" class=\"elementor-icon\" tabindex=\"-1\" aria-label=\"Mobil\">\n\t\t\t\t<i aria-hidden=\"true\" class=\"fas fa-mobile-alt\"><\/i>\t\t\t\t<\/a>\n\t\t\t<\/div>\n\t\t\t\n\t\t\t\t\t\t<div class=\"elementor-icon-box-content\">\n\n\t\t\t\t\t\t\t\t\t<h3 class=\"elementor-icon-box-title\">\n\t\t\t\t\t\t<a href=\"tel:+36704214383\" >\n\t\t\t\t\t\t\tMobil\t\t\t\t\t\t<\/a>\n\t\t\t\t\t<\/h3>\n\t\t\t\t\n\t\t\t\t\t\t\t\t\t<p class=\"elementor-icon-box-description\">\n\t\t\t\t\t\t+ 36 70 421 43 83\t\t\t\t\t<\/p>\n\t\t\t\t\n\t\t\t<\/div>\n\t\t\t\n\t\t<\/div>\n\t\t\t\t\t\t<\/div>\n\t\t\t\t<\/div>\n\t\t\t\t<div class=\"elementor-element elementor-element-c43a78d elementor-position-inline-start elementor-view-default elementor-mobile-position-block-start elementor-widget elementor-widget-icon-box\" data-id=\"c43a78d\" data-element_type=\"widget\" data-e-type=\"widget\" data-widget_type=\"icon-box.default\">\n\t\t\t\t<div class=\"elementor-widget-container\">\n\t\t\t\t\t\t\t<div class=\"elementor-icon-box-wrapper\">\n\n\t\t\t\t\t\t<div class=\"elementor-icon-box-icon\">\n\t\t\t\t<span  class=\"elementor-icon\">\n\t\t\t\t<i aria-hidden=\"true\" class=\"fas fa-envelope\"><\/i>\t\t\t\t<\/span>\n\t\t\t<\/div>\n\t\t\t\n\t\t\t\t\t\t<div class=\"elementor-icon-box-content\">\n\n\t\t\t\t\t\t\t\t\t<h3 class=\"elementor-icon-box-title\">\n\t\t\t\t\t\t<span  >\n\t\t\t\t\t\t\tE-mail\t\t\t\t\t\t<\/span>\n\t\t\t\t\t<\/h3>\n\t\t\t\t\n\t\t\t\t\t\t\t\t\t<p class=\"elementor-icon-box-description\">\n\t\t\t\t\t\tinfo@solutionsandsafety.com\t\t\t\t\t<\/p>\n\t\t\t\t\n\t\t\t<\/div>\n\t\t\t\n\t\t<\/div>\n\t\t\t\t\t\t<\/div>\n\t\t\t\t<\/div>\n\t\t\t\t\t<\/div>\n\t\t<\/div>\n\t\t\t\t<div class=\"elementor-column elementor-col-50 elementor-top-column elementor-element elementor-element-b97db46\" data-id=\"b97db46\" data-element_type=\"column\" data-e-type=\"column\" data-settings=\"{&quot;background_background&quot;:&quot;classic&quot;}\">\n\t\t\t<div class=\"elementor-widget-wrap elementor-element-populated\">\n\t\t\t\t\t\t<div class=\"elementor-element elementor-element-427dbf6 elementor-button-align-stretch elementor-widget elementor-widget-form\" data-id=\"427dbf6\" data-element_type=\"widget\" data-e-type=\"widget\" data-settings=\"{&quot;step_next_label&quot;:&quot;K\\u00f6vetkez\\u0151&quot;,&quot;step_previous_label&quot;:&quot;El\\u0151z\\u0151&quot;,&quot;button_width&quot;:&quot;100&quot;,&quot;step_type&quot;:&quot;number_text&quot;,&quot;step_icon_shape&quot;:&quot;circle&quot;}\" data-widget_type=\"form.default\">\n\t\t\t\t<div class=\"elementor-widget-container\">\n\t\t\t\t\t\t\t<form class=\"elementor-form\" method=\"post\" name=\"\u00daj \u0171rlap\" action=\"\">\n\t\t\t<input type=\"hidden\" name=\"post_id\" value=\"1010\"\/>\n\t\t\t<input type=\"hidden\" name=\"form_id\" value=\"427dbf6\"\/>\n\t\t\t<input type=\"hidden\" name=\"referer_title\" value=\"solutionsandsafety.com\" \/>\n\n\t\t\t\n\t\t\t<div class=\"elementor-form-fields-wrapper elementor-labels-\">\n\t\t\t\t\t\t\t\t<div class=\"elementor-field-type-text elementor-field-group elementor-column elementor-field-group-name elementor-col-100\">\n\t\t\t\t\t\t\t\t\t\t\t\t<label for=\"form-field-name\" class=\"elementor-field-label elementor-screen-only\">\n\t\t\t\t\t\t\t\tName\t\t\t\t\t\t\t<\/label>\n\t\t\t\t\t\t\t\t\t\t\t\t\t\t<input size=\"1\" type=\"text\" name=\"form_fields[name]\" id=\"form-field-name\" class=\"elementor-field elementor-size-sm  elementor-field-textual\" placeholder=\"Name\">\n\t\t\t\t\t\t\t\t\t\t\t<\/div>\n\t\t\t\t\t\t\t\t<div class=\"elementor-field-type-email elementor-field-group elementor-column elementor-field-group-email elementor-col-100 elementor-field-required\">\n\t\t\t\t\t\t\t\t\t\t\t\t<label for=\"form-field-email\" class=\"elementor-field-label elementor-screen-only\">\n\t\t\t\t\t\t\t\tEmail\t\t\t\t\t\t\t<\/label>\n\t\t\t\t\t\t\t\t\t\t\t\t\t\t<input size=\"1\" type=\"email\" name=\"form_fields[email]\" id=\"form-field-email\" class=\"elementor-field elementor-size-sm  elementor-field-textual\" placeholder=\"Email\" required=\"required\" aria-required=\"true\">\n\t\t\t\t\t\t\t\t\t\t\t<\/div>\n\t\t\t\t\t\t\t\t<div class=\"elementor-field-type-textarea elementor-field-group elementor-column elementor-field-group-message elementor-col-100\">\n\t\t\t\t\t\t\t\t\t\t\t\t<label for=\"form-field-message\" class=\"elementor-field-label elementor-screen-only\">\n\t\t\t\t\t\t\t\tMessage\t\t\t\t\t\t\t<\/label>\n\t\t\t\t\t\t<textarea class=\"elementor-field-textual elementor-field  elementor-size-sm\" name=\"form_fields[message]\" id=\"form-field-message\" rows=\"4\" placeholder=\"Message\"><\/textarea>\t\t\t\t<\/div>\n\t\t\t\t\t\t\t\t<div class=\"elementor-field-group elementor-column elementor-field-type-submit elementor-col-100 e-form__buttons\">\n\t\t\t\t\t<button type=\"submit\" class=\"elementor-button elementor-size-sm elementor-animation-grow\">\n\t\t\t\t\t\t<span >\n\t\t\t\t\t\t\t\t\t\t\t\t\t\t\t<span class=\"elementor-button-icon\">\n\t\t\t\t\t\t\t\t\t\t\t\t\t\t\t\t\t\t\t\t\t\t\t\t\t\t<\/span>\n\t\t\t\t\t\t\t\t\t\t\t\t\t\t\t\t\t\t\t\t\t\t<span class=\"elementor-button-text\">SEND<\/span>\n\t\t\t\t\t\t\t\t\t\t\t\t\t<\/span>\n\t\t\t\t\t<\/button>\n\t\t\t\t<\/div>\n\t\t\t<\/div>\n\t\t<input type=\"hidden\" name=\"trp-form-language\" value=\"en\"\/><\/form>\n\t\t\t\t\t\t<\/div>\n\t\t\t\t<\/div>\n\t\t\t\t\t<\/div>\n\t\t<\/div>\n\t\t\t\t\t<\/div>\n\t\t<\/section>\n\t\t\t\t<\/div>","protected":false},"excerpt":{"rendered":"<p>Kapcsolat Mobil + 36 70 421 43 83 E-mail info@solutionsandsafety.com<\/p>","protected":false},"author":1,"featured_media":940,"parent":0,"menu_order":0,"comment_status":"closed","ping_status":"closed","template":"elementor_header_footer","meta":{"footnotes":""},"class_list":["post-1010","page","type-page","status-publish","has-post-thumbnail","hentry"],"yoast_head":"<!-- This site is optimized with the Yoast SEO plugin v27.4 - https:\/\/yoast.com\/product\/yoast-seo-wordpress\/ -->\n<title>Kapcsolat - solutionsandsafety.com<\/title>\n<meta name=\"robots\" content=\"index, follow, max-snippet:-1, max-image-preview:large, max-video-preview:-1\" \/>\n<link rel=\"canonical\" href=\"https:\/\/solutionsandsafety.com\/en\/kapcsoalt\/\" \/>\n<meta property=\"og:locale\" content=\"en_GB\" \/>\n<meta property=\"og:type\" content=\"article\" \/>\n<meta property=\"og:title\" content=\"Kapcsolat - solutionsandsafety.com\" \/>\n<meta property=\"og:description\" content=\"Kapcsolat Mobil + 36 70 421 43 83 E-mail info@solutionsandsafety.com\" \/>\n<meta property=\"og:url\" content=\"https:\/\/solutionsandsafety.com\/en\/kapcsoalt\/\" \/>\n<meta property=\"og:site_name\" content=\"solutionsandsafety.com\" \/>\n<meta property=\"article:modified_time\" content=\"2023-02-03T09:58:33+00:00\" \/>\n<meta property=\"og:image\" content=\"https:\/\/solutionsandsafety.com\/wp-content\/uploads\/2022\/08\/Alcimsor-hozzaadasa-110-\u00d7-100-keppont-90-\u00d7-60-keppont-90-\u00d7-60-keppont-1000-\u00d7-1000-keppont-Logo.png\" \/>\n\t<meta property=\"og:image:width\" content=\"500\" \/>\n\t<meta property=\"og:image:height\" content=\"500\" \/>\n\t<meta property=\"og:image:type\" content=\"image\/png\" \/>\n<meta name=\"twitter:card\" content=\"summary_large_image\" \/>\n<meta name=\"twitter:label1\" content=\"Estimated reading time\" \/>\n\t<meta name=\"twitter:data1\" content=\"1 minute\" \/>\n<script type=\"application\/ld+json\" class=\"yoast-schema-graph\">{\"@context\":\"https:\\\/\\\/schema.org\",\"@graph\":[{\"@type\":\"WebPage\",\"@id\":\"https:\\\/\\\/solutionsandsafety.com\\\/kapcsoalt\\\/\",\"url\":\"https:\\\/\\\/solutionsandsafety.com\\\/kapcsoalt\\\/\",\"name\":\"Kapcsolat - solutionsandsafety.com\",\"isPartOf\":{\"@id\":\"https:\\\/\\\/solutionsandsafety.com\\\/#website\"},\"primaryImageOfPage\":{\"@id\":\"https:\\\/\\\/solutionsandsafety.com\\\/kapcsoalt\\\/#primaryimage\"},\"image\":{\"@id\":\"https:\\\/\\\/solutionsandsafety.com\\\/kapcsoalt\\\/#primaryimage\"},\"thumbnailUrl\":\"https:\\\/\\\/solutionsandsafety.com\\\/wp-content\\\/uploads\\\/2022\\\/08\\\/Alcimsor-hozzaadasa-110-\u00d7-100-keppont-90-\u00d7-60-keppont-90-\u00d7-60-keppont-1000-\u00d7-1000-keppont-Logo.png\",\"datePublished\":\"2022-08-14T13:04:13+00:00\",\"dateModified\":\"2023-02-03T09:58:33+00:00\",\"breadcrumb\":{\"@id\":\"https:\\\/\\\/solutionsandsafety.com\\\/kapcsoalt\\\/#breadcrumb\"},\"inLanguage\":\"en-GB\",\"potentialAction\":[{\"@type\":\"ReadAction\",\"target\":[\"https:\\\/\\\/solutionsandsafety.com\\\/kapcsoalt\\\/\"]}]},{\"@type\":\"ImageObject\",\"inLanguage\":\"en-GB\",\"@id\":\"https:\\\/\\\/solutionsandsafety.com\\\/kapcsoalt\\\/#primaryimage\",\"url\":\"https:\\\/\\\/solutionsandsafety.com\\\/wp-content\\\/uploads\\\/2022\\\/08\\\/Alcimsor-hozzaadasa-110-\u00d7-100-keppont-90-\u00d7-60-keppont-90-\u00d7-60-keppont-1000-\u00d7-1000-keppont-Logo.png\",\"contentUrl\":\"https:\\\/\\\/solutionsandsafety.com\\\/wp-content\\\/uploads\\\/2022\\\/08\\\/Alcimsor-hozzaadasa-110-\u00d7-100-keppont-90-\u00d7-60-keppont-90-\u00d7-60-keppont-1000-\u00d7-1000-keppont-Logo.png\",\"width\":500,\"height\":500},{\"@type\":\"BreadcrumbList\",\"@id\":\"https:\\\/\\\/solutionsandsafety.com\\\/kapcsoalt\\\/#breadcrumb\",\"itemListElement\":[{\"@type\":\"ListItem\",\"position\":1,\"name\":\"Kezd\u0151lap\",\"item\":\"https:\\\/\\\/solutionsandsafety.com\\\/\"},{\"@type\":\"ListItem\",\"position\":2,\"name\":\"Kapcsolat\"}]},{\"@type\":\"WebSite\",\"@id\":\"https:\\\/\\\/solutionsandsafety.com\\\/#website\",\"url\":\"https:\\\/\\\/solutionsandsafety.com\\\/\",\"name\":\"solutionsandsafety.com\",\"description\":\"Munkav\u00e9delem \u00e9s biztons\u00e1g\",\"publisher\":{\"@id\":\"https:\\\/\\\/solutionsandsafety.com\\\/#organization\"},\"potentialAction\":[{\"@type\":\"SearchAction\",\"target\":{\"@type\":\"EntryPoint\",\"urlTemplate\":\"https:\\\/\\\/solutionsandsafety.com\\\/?s={search_term_string}\"},\"query-input\":{\"@type\":\"PropertyValueSpecification\",\"valueRequired\":true,\"valueName\":\"search_term_string\"}}],\"inLanguage\":\"en-GB\"},{\"@type\":\"Organization\",\"@id\":\"https:\\\/\\\/solutionsandsafety.com\\\/#organization\",\"name\":\"solutionsandsafety.kft\",\"url\":\"https:\\\/\\\/solutionsandsafety.com\\\/\",\"logo\":{\"@type\":\"ImageObject\",\"inLanguage\":\"en-GB\",\"@id\":\"https:\\\/\\\/solutionsandsafety.com\\\/#\\\/schema\\\/logo\\\/image\\\/\",\"url\":\"https:\\\/\\\/solutionsandsafety.com\\\/wp-content\\\/uploads\\\/2022\\\/08\\\/Alcimsor-hozzaadasa-110-\u00d7-100-keppont-90-\u00d7-60-keppont-90-\u00d7-60-keppont-1000-\u00d7-1000-keppont-Logo.png\",\"contentUrl\":\"https:\\\/\\\/solutionsandsafety.com\\\/wp-content\\\/uploads\\\/2022\\\/08\\\/Alcimsor-hozzaadasa-110-\u00d7-100-keppont-90-\u00d7-60-keppont-90-\u00d7-60-keppont-1000-\u00d7-1000-keppont-Logo.png\",\"width\":500,\"height\":500,\"caption\":\"solutionsandsafety.kft\"},\"image\":{\"@id\":\"https:\\\/\\\/solutionsandsafety.com\\\/#\\\/schema\\\/logo\\\/image\\\/\"}}]}<\/script>\n<!-- \/ Yoast SEO plugin. -->","yoast_head_json":{"title":"Kapcsolat - solutionsandsafety.com","robots":{"index":"index","follow":"follow","max-snippet":"max-snippet:-1","max-image-preview":"max-image-preview:large","max-video-preview":"max-video-preview:-1"},"canonical":"https:\/\/solutionsandsafety.com\/en\/kapcsoalt\/","og_locale":"en_GB","og_type":"article","og_title":"Kapcsolat - solutionsandsafety.com","og_description":"Kapcsolat Mobil + 36 70 421 43 83 E-mail info@solutionsandsafety.com","og_url":"https:\/\/solutionsandsafety.com\/en\/kapcsoalt\/","og_site_name":"solutionsandsafety.com","article_modified_time":"2023-02-03T09:58:33+00:00","og_image":[{"width":500,"height":500,"url":"https:\/\/solutionsandsafety.com\/wp-content\/uploads\/2022\/08\/Alcimsor-hozzaadasa-110-\u00d7-100-keppont-90-\u00d7-60-keppont-90-\u00d7-60-keppont-1000-\u00d7-1000-keppont-Logo.png","type":"image\/png"}],"twitter_card":"summary_large_image","twitter_misc":{"Estimated reading time":"1 minute"},"schema":{"@context":"https:\/\/schema.org","@graph":[{"@type":"WebPage","@id":"https:\/\/solutionsandsafety.com\/kapcsoalt\/","url":"https:\/\/solutionsandsafety.com\/kapcsoalt\/","name":"Kapcsolat - solutionsandsafety.com","isPartOf":{"@id":"https:\/\/solutionsandsafety.com\/#website"},"primaryImageOfPage":{"@id":"https:\/\/solutionsandsafety.com\/kapcsoalt\/#primaryimage"},"image":{"@id":"https:\/\/solutionsandsafety.com\/kapcsoalt\/#primaryimage"},"thumbnailUrl":"https:\/\/solutionsandsafety.com\/wp-content\/uploads\/2022\/08\/Alcimsor-hozzaadasa-110-\u00d7-100-keppont-90-\u00d7-60-keppont-90-\u00d7-60-keppont-1000-\u00d7-1000-keppont-Logo.png","datePublished":"2022-08-14T13:04:13+00:00","dateModified":"2023-02-03T09:58:33+00:00","breadcrumb":{"@id":"https:\/\/solutionsandsafety.com\/kapcsoalt\/#breadcrumb"},"inLanguage":"en-GB","potentialAction":[{"@type":"ReadAction","target":["https:\/\/solutionsandsafety.com\/kapcsoalt\/"]}]},{"@type":"ImageObject","inLanguage":"en-GB","@id":"https:\/\/solutionsandsafety.com\/kapcsoalt\/#primaryimage","url":"https:\/\/solutionsandsafety.com\/wp-content\/uploads\/2022\/08\/Alcimsor-hozzaadasa-110-\u00d7-100-keppont-90-\u00d7-60-keppont-90-\u00d7-60-keppont-1000-\u00d7-1000-keppont-Logo.png","contentUrl":"https:\/\/solutionsandsafety.com\/wp-content\/uploads\/2022\/08\/Alcimsor-hozzaadasa-110-\u00d7-100-keppont-90-\u00d7-60-keppont-90-\u00d7-60-keppont-1000-\u00d7-1000-keppont-Logo.png","width":500,"height":500},{"@type":"BreadcrumbList","@id":"https:\/\/solutionsandsafety.com\/kapcsoalt\/#breadcrumb","itemListElement":[{"@type":"ListItem","position":1,"name":"Kezd\u0151lap","item":"https:\/\/solutionsandsafety.com\/"},{"@type":"ListItem","position":2,"name":"Kapcsolat"}]},{"@type":"WebSite","@id":"https:\/\/solutionsandsafety.com\/#website","url":"https:\/\/solutionsandsafety.com\/","name":"solutionsandsafety.com","description":"Munkav\u00e9delem \u00e9s biztons\u00e1g","publisher":{"@id":"https:\/\/solutionsandsafety.com\/#organization"},"potentialAction":[{"@type":"SearchAction","target":{"@type":"EntryPoint","urlTemplate":"https:\/\/solutionsandsafety.com\/?s={search_term_string}"},"query-input":{"@type":"PropertyValueSpecification","valueRequired":true,"valueName":"search_term_string"}}],"inLanguage":"en-GB"},{"@type":"Organization","@id":"https:\/\/solutionsandsafety.com\/#organization","name":"solutionsandsafety.kft","url":"https:\/\/solutionsandsafety.com\/","logo":{"@type":"ImageObject","inLanguage":"en-GB","@id":"https:\/\/solutionsandsafety.com\/#\/schema\/logo\/image\/","url":"https:\/\/solutionsandsafety.com\/wp-content\/uploads\/2022\/08\/Alcimsor-hozzaadasa-110-\u00d7-100-keppont-90-\u00d7-60-keppont-90-\u00d7-60-keppont-1000-\u00d7-1000-keppont-Logo.png","contentUrl":"https:\/\/solutionsandsafety.com\/wp-content\/uploads\/2022\/08\/Alcimsor-hozzaadasa-110-\u00d7-100-keppont-90-\u00d7-60-keppont-90-\u00d7-60-keppont-1000-\u00d7-1000-keppont-Logo.png","width":500,"height":500,"caption":"solutionsandsafety.kft"},"image":{"@id":"https:\/\/solutionsandsafety.com\/#\/schema\/logo\/image\/"}}]}},"_links":{"self":[{"href":"https:\/\/solutionsandsafety.com\/en\/wp-json\/wp\/v2\/pages\/1010","targetHints":{"allow":["GET"]}}],"collection":[{"href":"https:\/\/solutionsandsafety.com\/en\/wp-json\/wp\/v2\/pages"}],"about":[{"href":"https:\/\/solutionsandsafety.com\/en\/wp-json\/wp\/v2\/types\/page"}],"author":[{"embeddable":true,"href":"https:\/\/solutionsandsafety.com\/en\/wp-json\/wp\/v2\/users\/1"}],"replies":[{"embeddable":true,"href":"https:\/\/solutionsandsafety.com\/en\/wp-json\/wp\/v2\/comments?post=1010"}],"version-history":[{"count":36,"href":"https:\/\/solutionsandsafety.com\/en\/wp-json\/wp\/v2\/pages\/1010\/revisions"}],"predecessor-version":[{"id":1975,"href":"https:\/\/solutionsandsafety.com\/en\/wp-json\/wp\/v2\/pages\/1010\/revisions\/1975"}],"wp:featuredmedia":[{"embeddable":true,"href":"https:\/\/solutionsandsafety.com\/en\/wp-json\/wp\/v2\/media\/940"}],"wp:attachment":[{"href":"https:\/\/solutionsandsafety.com\/en\/wp-json\/wp\/v2\/media?parent=1010"}],"curies":[{"name":"wp","href":"https:\/\/api.w.org\/{rel}","templated":true}]}}