{"id":1266,"date":"2022-08-14T19:50:35","date_gmt":"2022-08-14T17:50:35","guid":{"rendered":"https:\/\/solutionsandsafety.com\/?page_id=1266"},"modified":"2023-02-03T10:57:06","modified_gmt":"2023-02-03T09:57:06","slug":"munkabiztonsag-munkavedelem-kornyezetvedelem-sas","status":"publish","type":"page","link":"https:\/\/solutionsandsafety.com\/en\/munkabiztonsag-munkavedelem-kornyezetvedelem-sas\/","title":{"rendered":"About us"},"content":{"rendered":"<div data-elementor-type=\"wp-page\" data-elementor-id=\"1266\" class=\"elementor elementor-1266\">\n\t\t\t\t\t\t<section class=\"elementor-section elementor-top-section elementor-element elementor-element-a7c39d4 elementor-section-content-middle elementor-section-boxed elementor-section-height-default elementor-section-height-default\" data-id=\"a7c39d4\" data-element_type=\"section\" data-e-type=\"section\" data-settings=\"{&quot;background_background&quot;:&quot;classic&quot;}\">\n\t\t\t\t\t\t\t<div class=\"elementor-background-overlay\"><\/div>\n\t\t\t\t\t\t\t<div class=\"elementor-container elementor-column-gap-default\">\n\t\t\t\t\t<div class=\"elementor-column elementor-col-50 elementor-top-column elementor-element elementor-element-5c04b3e\" data-id=\"5c04b3e\" data-element_type=\"column\" data-e-type=\"column\">\n\t\t\t<div class=\"elementor-widget-wrap\">\n\t\t\t\t\t\t\t<\/div>\n\t\t<\/div>\n\t\t\t\t<div class=\"elementor-column elementor-col-50 elementor-top-column elementor-element elementor-element-d84cb3f\" data-id=\"d84cb3f\" data-element_type=\"column\" data-e-type=\"column\">\n\t\t\t<div class=\"elementor-widget-wrap elementor-element-populated\">\n\t\t\t\t\t\t<div class=\"elementor-element elementor-element-d9e3f74 elementor-widget elementor-widget-heading\" data-id=\"d9e3f74\" data-element_type=\"widget\" data-e-type=\"widget\" data-widget_type=\"heading.default\">\n\t\t\t\t<div class=\"elementor-widget-container\">\n\t\t\t\t\t<h1 class=\"elementor-heading-title elementor-size-default\">Who are we?<\/h1>\t\t\t\t<\/div>\n\t\t\t\t<\/div>\n\t\t\t\t<div class=\"elementor-element elementor-element-8dd4771 elementor-widget elementor-widget-text-editor\" data-id=\"8dd4771\" data-element_type=\"widget\" data-e-type=\"widget\" data-widget_type=\"text-editor.default\">\n\t\t\t\t<div class=\"elementor-widget-container\">\n\t\t\t\t\t\t\t\t\t<p class=\"translation-block\">Our company, Solutions And Safety, was established with the aim to provide our partners with the highest possible quality of services in the fields of labor safety, fire safety and environmental protection for competitive prices. We provide special services to small, medium and large enterprises and state-owned companies to ensure that they comply with the actual legal requirements, and the latest technical, engineering and safety requirements.\nWe also intend to help our trusted partners to build relationships, helping them to assume new projects or to remain in the market.<\/p>\t\t\t\t\t\t\t\t<\/div>\n\t\t\t\t<\/div>\n\t\t\t\t<div class=\"elementor-element elementor-element-f0b2179 elementor-align-center elementor-widget elementor-widget-button\" data-id=\"f0b2179\" data-element_type=\"widget\" data-e-type=\"widget\" data-widget_type=\"button.default\">\n\t\t\t\t<div class=\"elementor-widget-container\">\n\t\t\t\t\t\t\t\t\t<div class=\"elementor-button-wrapper\">\n\t\t\t\t\t<a class=\"elementor-button elementor-button-link elementor-size-sm elementor-animation-grow\" href=\"https:\/\/solutionsandsafety.com\/en\/kapcsoalt\/\">\n\t\t\t\t\t\t<span class=\"elementor-button-content-wrapper\">\n\t\t\t\t\t\t\t\t\t<span class=\"elementor-button-text\">Contact<\/span>\n\t\t\t\t\t<\/span>\n\t\t\t\t\t<\/a>\n\t\t\t\t<\/div>\n\t\t\t\t\t\t\t\t<\/div>\n\t\t\t\t<\/div>\n\t\t\t\t\t<\/div>\n\t\t<\/div>\n\t\t\t\t\t<\/div>\n\t\t<\/section>\n\t\t\t\t<section class=\"elementor-section elementor-top-section elementor-element elementor-element-5f7d567 elementor-section-boxed elementor-section-height-default elementor-section-height-default\" data-id=\"5f7d567\" data-element_type=\"section\" data-e-type=\"section\" data-settings=\"{&quot;background_background&quot;:&quot;classic&quot;}\">\n\t\t\t\t\t\t<div class=\"elementor-container elementor-column-gap-default\">\n\t\t\t\t\t<div class=\"elementor-column elementor-col-100 elementor-top-column elementor-element elementor-element-d2e4b63\" data-id=\"d2e4b63\" data-element_type=\"column\" data-e-type=\"column\">\n\t\t\t<div class=\"elementor-widget-wrap elementor-element-populated\">\n\t\t\t\t\t\t<div class=\"elementor-element elementor-element-c9e8d28 elementor-widget elementor-widget-heading\" data-id=\"c9e8d28\" data-element_type=\"widget\" data-e-type=\"widget\" data-widget_type=\"heading.default\">\n\t\t\t\t<div class=\"elementor-widget-container\">\n\t\t\t\t\t<h2 class=\"elementor-heading-title elementor-size-default\">WE ARE VERY PROUD THAT THERE HAS BEEN NO SERIOUS FATAL ACCIDENT DURING THE ACTIVITY OF OUR COMPANY<\/h2>\t\t\t\t<\/div>\n\t\t\t\t<\/div>\n\t\t\t\t\t<\/div>\n\t\t<\/div>\n\t\t\t\t\t<\/div>\n\t\t<\/section>\n\t\t\t\t<section class=\"elementor-section elementor-top-section elementor-element elementor-element-e484c3c elementor-section-boxed elementor-section-height-default elementor-section-height-default\" data-id=\"e484c3c\" data-element_type=\"section\" data-e-type=\"section\" data-settings=\"{&quot;background_background&quot;:&quot;classic&quot;}\">\n\t\t\t\t\t\t<div class=\"elementor-container elementor-column-gap-default\">\n\t\t\t\t\t<div class=\"elementor-column elementor-col-100 elementor-top-column elementor-element elementor-element-23146fd\" data-id=\"23146fd\" data-element_type=\"column\" data-e-type=\"column\">\n\t\t\t<div class=\"elementor-widget-wrap elementor-element-populated\">\n\t\t\t\t\t\t<div class=\"elementor-element elementor-element-057ff78 elementor-widget elementor-widget-heading\" data-id=\"057ff78\" data-element_type=\"widget\" data-e-type=\"widget\" data-widget_type=\"heading.default\">\n\t\t\t\t<div class=\"elementor-widget-container\">\n\t\t\t\t\t<h2 class=\"elementor-heading-title elementor-size-default\">Numbers speak for themselves<\/h2>\t\t\t\t<\/div>\n\t\t\t\t<\/div>\n\t\t\t\t<section class=\"elementor-section elementor-inner-section elementor-element elementor-element-89b0ed5 elementor-section-boxed elementor-section-height-default elementor-section-height-default\" data-id=\"89b0ed5\" data-element_type=\"section\" data-e-type=\"section\">\n\t\t\t\t\t\t<div class=\"elementor-container elementor-column-gap-default\">\n\t\t\t\t\t<div class=\"elementor-column elementor-col-25 elementor-inner-column elementor-element elementor-element-d1ce38b\" data-id=\"d1ce38b\" data-element_type=\"column\" data-e-type=\"column\" data-settings=\"{&quot;background_background&quot;:&quot;classic&quot;}\">\n\t\t\t<div class=\"elementor-widget-wrap elementor-element-populated\">\n\t\t\t\t\t\t<div class=\"elementor-element elementor-element-febe874 elementor-widget elementor-widget-counter\" data-id=\"febe874\" data-element_type=\"widget\" data-e-type=\"widget\" data-widget_type=\"counter.default\">\n\t\t\t\t<div class=\"elementor-widget-container\">\n\t\t\t\t\t\t\t<div class=\"elementor-counter\">\n\t\t\t<div class=\"elementor-counter-title\">OUR PROJECTS SO FAR<\/div>\t\t\t<div class=\"elementor-counter-number-wrapper\">\n\t\t\t\t<span class=\"elementor-counter-number-prefix\"><\/span>\n\t\t\t\t<span class=\"elementor-counter-number\" data-duration=\"2000\" data-to-value=\"23\" data-from-value=\"0\" data-delimiter=\",\">0<\/span>\n\t\t\t\t<span class=\"elementor-counter-number-suffix\"><\/span>\n\t\t\t<\/div>\n\t\t<\/div>\n\t\t\t\t\t\t<\/div>\n\t\t\t\t<\/div>\n\t\t\t\t\t<\/div>\n\t\t<\/div>\n\t\t\t\t<div class=\"elementor-column elementor-col-25 elementor-inner-column elementor-element elementor-element-2fe83e0\" data-id=\"2fe83e0\" data-element_type=\"column\" data-e-type=\"column\" data-settings=\"{&quot;background_background&quot;:&quot;classic&quot;}\">\n\t\t\t<div class=\"elementor-widget-wrap elementor-element-populated\">\n\t\t\t\t\t\t<div class=\"elementor-element elementor-element-2a08c5f elementor-widget elementor-widget-counter\" data-id=\"2a08c5f\" data-element_type=\"widget\" data-e-type=\"widget\" data-widget_type=\"counter.default\">\n\t\t\t\t<div class=\"elementor-widget-container\">\n\t\t\t\t\t\t\t<div class=\"elementor-counter\">\n\t\t\t<div class=\"elementor-counter-title\">FATALITY-FREE WORKING HOURS <\/div>\t\t\t<div class=\"elementor-counter-number-wrapper\">\n\t\t\t\t<span class=\"elementor-counter-number-prefix\"><\/span>\n\t\t\t\t<span class=\"elementor-counter-number\" data-duration=\"2000\" data-to-value=\"26180\" data-from-value=\"0\">0<\/span>\n\t\t\t\t<span class=\"elementor-counter-number-suffix\"><\/span>\n\t\t\t<\/div>\n\t\t<\/div>\n\t\t\t\t\t\t<\/div>\n\t\t\t\t<\/div>\n\t\t\t\t\t<\/div>\n\t\t<\/div>\n\t\t\t\t<div class=\"elementor-column elementor-col-25 elementor-inner-column elementor-element elementor-element-47af608\" data-id=\"47af608\" data-element_type=\"column\" data-e-type=\"column\" data-settings=\"{&quot;background_background&quot;:&quot;classic&quot;}\">\n\t\t\t<div class=\"elementor-widget-wrap elementor-element-populated\">\n\t\t\t\t\t\t<div class=\"elementor-element elementor-element-74745e3 elementor-widget elementor-widget-counter\" data-id=\"74745e3\" data-element_type=\"widget\" data-e-type=\"widget\" data-widget_type=\"counter.default\">\n\t\t\t\t<div class=\"elementor-widget-container\">\n\t\t\t\t\t\t\t<div class=\"elementor-counter\">\n\t\t\t<div class=\"elementor-counter-title\">CUSTOMER SATISFACTION BASED ON A QUESTIONNAIRE<\/div>\t\t\t<div class=\"elementor-counter-number-wrapper\">\n\t\t\t\t<span class=\"elementor-counter-number-prefix\"><\/span>\n\t\t\t\t<span class=\"elementor-counter-number\" data-duration=\"2000\" data-to-value=\"94\" data-from-value=\"0\">0<\/span>\n\t\t\t\t<span class=\"elementor-counter-number-suffix\">%<\/span>\n\t\t\t<\/div>\n\t\t<\/div>\n\t\t\t\t\t\t<\/div>\n\t\t\t\t<\/div>\n\t\t\t\t\t<\/div>\n\t\t<\/div>\n\t\t\t\t<div class=\"elementor-column elementor-col-25 elementor-inner-column elementor-element elementor-element-80dce96\" data-id=\"80dce96\" data-element_type=\"column\" data-e-type=\"column\" data-settings=\"{&quot;background_background&quot;:&quot;classic&quot;}\">\n\t\t\t<div class=\"elementor-widget-wrap elementor-element-populated\">\n\t\t\t\t\t\t<div class=\"elementor-element elementor-element-1c0edbd elementor-widget elementor-widget-counter\" data-id=\"1c0edbd\" data-element_type=\"widget\" data-e-type=\"widget\" data-widget_type=\"counter.default\">\n\t\t\t\t<div class=\"elementor-widget-container\">\n\t\t\t\t\t\t\t<div class=\"elementor-counter\">\n\t\t\t<div class=\"elementor-counter-title\">ANNUAL WORK ACCIDENTS <\/div>\t\t\t<div class=\"elementor-counter-number-wrapper\">\n\t\t\t\t<span class=\"elementor-counter-number-prefix\"><\/span>\n\t\t\t\t<span class=\"elementor-counter-number\" data-duration=\"2389\" data-to-value=\"3\" data-from-value=\"0\" data-delimiter=\",\">0<\/span>\n\t\t\t\t<span class=\"elementor-counter-number-suffix\"><\/span>\n\t\t\t<\/div>\n\t\t<\/div>\n\t\t\t\t\t\t<\/div>\n\t\t\t\t<\/div>\n\t\t\t\t\t<\/div>\n\t\t<\/div>\n\t\t\t\t\t<\/div>\n\t\t<\/section>\n\t\t\t\t\t<\/div>\n\t\t<\/div>\n\t\t\t\t\t<\/div>\n\t\t<\/section>\n\t\t\t\t<\/div>","protected":false},"excerpt":{"rendered":"<p>Kik vagyunk mi? C\u00e9g\u00fcnk, a Solutions And Safety azzal a c\u00e9llal alakult meg, hogy partnereisz\u00e1m\u00e1ra versenyk\u00e9pes \u00e1ron, a lehet\u0151 legmagasabb sz\u00ednvonalon tudjonszolg\u00e1ltat\u00e1st ny\u00fajtani munkav\u00e9delmi, t\u0171zv\u00e9delmi \u00e9s k\u00f6rnyezetv\u00e9delmiter\u00fcleteken. Olyan speci\u00e1lis szolg\u00e1ltat\u00e1sokat ny\u00fajtunk a kis-, k\u00f6z\u00e9p \u00e9s nagy v\u00e1llalkoz\u00e1soknak, \u00e1llami c\u00e9geknek, hogy ezekmegfeleljenek a mindenkori jogi el\u0151\u00edr\u00e1soknak, valamint a kor technikai,m\u0171szaki \u00e9s munkabiztons\u00e1gi k\u00f6vetelm\u00e9nyeinek.Tov\u00e1bbi c\u00e9lunk, hogy seg\u00edts\u00fck [&hellip;]<\/p>","protected":false},"author":1,"featured_media":940,"parent":0,"menu_order":0,"comment_status":"closed","ping_status":"closed","template":"","meta":{"footnotes":""},"class_list":["post-1266","page","type-page","status-publish","has-post-thumbnail","hentry"],"yoast_head":"<!-- This site is optimized with the Yoast SEO plugin v27.4 - https:\/\/yoast.com\/product\/yoast-seo-wordpress\/ -->\n<title>R\u00f3lunk - solutionsandsafety.com<\/title>\n<meta name=\"description\" content=\"Az SAS olyan speci\u00e1lis szolg\u00e1ltat\u00e1sokat ny\u00fajt, hogy ezekmegfeleljen a a jogi el\u0151\u00edr\u00e1soknak, valamint a kor technikai \u00e9s munkabiztons\u00e1gi k\u00f6vetelm\u00e9nyeinek.\" \/>\n<meta name=\"robots\" content=\"index, follow, max-snippet:-1, max-image-preview:large, max-video-preview:-1\" \/>\n<link rel=\"canonical\" href=\"https:\/\/solutionsandsafety.com\/en\/munkabiztonsag-munkavedelem-kornyezetvedelem-sas\/\" \/>\n<meta property=\"og:locale\" content=\"en_GB\" \/>\n<meta property=\"og:type\" content=\"article\" \/>\n<meta property=\"og:title\" content=\"R\u00f3lunk - solutionsandsafety.com\" \/>\n<meta property=\"og:description\" content=\"Az SAS olyan speci\u00e1lis szolg\u00e1ltat\u00e1sokat ny\u00fajt, hogy ezekmegfeleljen a a jogi el\u0151\u00edr\u00e1soknak, valamint a kor technikai \u00e9s munkabiztons\u00e1gi k\u00f6vetelm\u00e9nyeinek.\" \/>\n<meta property=\"og:url\" content=\"https:\/\/solutionsandsafety.com\/en\/munkabiztonsag-munkavedelem-kornyezetvedelem-sas\/\" \/>\n<meta property=\"og:site_name\" content=\"solutionsandsafety.com\" \/>\n<meta property=\"article:modified_time\" content=\"2023-02-03T09:57:06+00:00\" \/>\n<meta property=\"og:image\" content=\"https:\/\/solutionsandsafety.com\/wp-content\/uploads\/2022\/08\/Alcimsor-hozzaadasa-110-\u00d7-100-keppont-90-\u00d7-60-keppont-90-\u00d7-60-keppont-1000-\u00d7-1000-keppont-Logo.png\" \/>\n\t<meta property=\"og:image:width\" content=\"500\" \/>\n\t<meta property=\"og:image:height\" content=\"500\" \/>\n\t<meta property=\"og:image:type\" content=\"image\/png\" \/>\n<meta name=\"twitter:card\" content=\"summary_large_image\" \/>\n<meta name=\"twitter:label1\" content=\"Estimated reading time\" \/>\n\t<meta name=\"twitter:data1\" content=\"1 minute\" \/>\n<script type=\"application\/ld+json\" class=\"yoast-schema-graph\">{\"@context\":\"https:\\\/\\\/schema.org\",\"@graph\":[{\"@type\":\"WebPage\",\"@id\":\"https:\\\/\\\/solutionsandsafety.com\\\/munkabiztonsag-munkavedelem-kornyezetvedelem-sas\\\/\",\"url\":\"https:\\\/\\\/solutionsandsafety.com\\\/munkabiztonsag-munkavedelem-kornyezetvedelem-sas\\\/\",\"name\":\"R\u00f3lunk - solutionsandsafety.com\",\"isPartOf\":{\"@id\":\"https:\\\/\\\/solutionsandsafety.com\\\/#website\"},\"primaryImageOfPage\":{\"@id\":\"https:\\\/\\\/solutionsandsafety.com\\\/munkabiztonsag-munkavedelem-kornyezetvedelem-sas\\\/#primaryimage\"},\"image\":{\"@id\":\"https:\\\/\\\/solutionsandsafety.com\\\/munkabiztonsag-munkavedelem-kornyezetvedelem-sas\\\/#primaryimage\"},\"thumbnailUrl\":\"https:\\\/\\\/solutionsandsafety.com\\\/wp-content\\\/uploads\\\/2022\\\/08\\\/Alcimsor-hozzaadasa-110-\u00d7-100-keppont-90-\u00d7-60-keppont-90-\u00d7-60-keppont-1000-\u00d7-1000-keppont-Logo.png\",\"datePublished\":\"2022-08-14T17:50:35+00:00\",\"dateModified\":\"2023-02-03T09:57:06+00:00\",\"description\":\"Az SAS olyan speci\u00e1lis szolg\u00e1ltat\u00e1sokat ny\u00fajt, hogy ezekmegfeleljen a a jogi el\u0151\u00edr\u00e1soknak, valamint a kor technikai \u00e9s munkabiztons\u00e1gi k\u00f6vetelm\u00e9nyeinek.\",\"breadcrumb\":{\"@id\":\"https:\\\/\\\/solutionsandsafety.com\\\/munkabiztonsag-munkavedelem-kornyezetvedelem-sas\\\/#breadcrumb\"},\"inLanguage\":\"en-GB\",\"potentialAction\":[{\"@type\":\"ReadAction\",\"target\":[\"https:\\\/\\\/solutionsandsafety.com\\\/munkabiztonsag-munkavedelem-kornyezetvedelem-sas\\\/\"]}]},{\"@type\":\"ImageObject\",\"inLanguage\":\"en-GB\",\"@id\":\"https:\\\/\\\/solutionsandsafety.com\\\/munkabiztonsag-munkavedelem-kornyezetvedelem-sas\\\/#primaryimage\",\"url\":\"https:\\\/\\\/solutionsandsafety.com\\\/wp-content\\\/uploads\\\/2022\\\/08\\\/Alcimsor-hozzaadasa-110-\u00d7-100-keppont-90-\u00d7-60-keppont-90-\u00d7-60-keppont-1000-\u00d7-1000-keppont-Logo.png\",\"contentUrl\":\"https:\\\/\\\/solutionsandsafety.com\\\/wp-content\\\/uploads\\\/2022\\\/08\\\/Alcimsor-hozzaadasa-110-\u00d7-100-keppont-90-\u00d7-60-keppont-90-\u00d7-60-keppont-1000-\u00d7-1000-keppont-Logo.png\",\"width\":500,\"height\":500},{\"@type\":\"BreadcrumbList\",\"@id\":\"https:\\\/\\\/solutionsandsafety.com\\\/munkabiztonsag-munkavedelem-kornyezetvedelem-sas\\\/#breadcrumb\",\"itemListElement\":[{\"@type\":\"ListItem\",\"position\":1,\"name\":\"Kezd\u0151lap\",\"item\":\"https:\\\/\\\/solutionsandsafety.com\\\/\"},{\"@type\":\"ListItem\",\"position\":2,\"name\":\"R\u00f3lunk\"}]},{\"@type\":\"WebSite\",\"@id\":\"https:\\\/\\\/solutionsandsafety.com\\\/#website\",\"url\":\"https:\\\/\\\/solutionsandsafety.com\\\/\",\"name\":\"solutionsandsafety.com\",\"description\":\"Munkav\u00e9delem \u00e9s biztons\u00e1g\",\"publisher\":{\"@id\":\"https:\\\/\\\/solutionsandsafety.com\\\/#organization\"},\"potentialAction\":[{\"@type\":\"SearchAction\",\"target\":{\"@type\":\"EntryPoint\",\"urlTemplate\":\"https:\\\/\\\/solutionsandsafety.com\\\/?s={search_term_string}\"},\"query-input\":{\"@type\":\"PropertyValueSpecification\",\"valueRequired\":true,\"valueName\":\"search_term_string\"}}],\"inLanguage\":\"en-GB\"},{\"@type\":\"Organization\",\"@id\":\"https:\\\/\\\/solutionsandsafety.com\\\/#organization\",\"name\":\"solutionsandsafety.kft\",\"url\":\"https:\\\/\\\/solutionsandsafety.com\\\/\",\"logo\":{\"@type\":\"ImageObject\",\"inLanguage\":\"en-GB\",\"@id\":\"https:\\\/\\\/solutionsandsafety.com\\\/#\\\/schema\\\/logo\\\/image\\\/\",\"url\":\"https:\\\/\\\/solutionsandsafety.com\\\/wp-content\\\/uploads\\\/2022\\\/08\\\/Alcimsor-hozzaadasa-110-\u00d7-100-keppont-90-\u00d7-60-keppont-90-\u00d7-60-keppont-1000-\u00d7-1000-keppont-Logo.png\",\"contentUrl\":\"https:\\\/\\\/solutionsandsafety.com\\\/wp-content\\\/uploads\\\/2022\\\/08\\\/Alcimsor-hozzaadasa-110-\u00d7-100-keppont-90-\u00d7-60-keppont-90-\u00d7-60-keppont-1000-\u00d7-1000-keppont-Logo.png\",\"width\":500,\"height\":500,\"caption\":\"solutionsandsafety.kft\"},\"image\":{\"@id\":\"https:\\\/\\\/solutionsandsafety.com\\\/#\\\/schema\\\/logo\\\/image\\\/\"}}]}<\/script>\n<!-- \/ Yoast SEO plugin. -->","yoast_head_json":{"title":"R\u00f3lunk - solutionsandsafety.com","description":"Az SAS olyan speci\u00e1lis szolg\u00e1ltat\u00e1sokat ny\u00fajt, hogy ezekmegfeleljen a a jogi el\u0151\u00edr\u00e1soknak, valamint a kor technikai \u00e9s munkabiztons\u00e1gi k\u00f6vetelm\u00e9nyeinek.","robots":{"index":"index","follow":"follow","max-snippet":"max-snippet:-1","max-image-preview":"max-image-preview:large","max-video-preview":"max-video-preview:-1"},"canonical":"https:\/\/solutionsandsafety.com\/en\/munkabiztonsag-munkavedelem-kornyezetvedelem-sas\/","og_locale":"en_GB","og_type":"article","og_title":"R\u00f3lunk - solutionsandsafety.com","og_description":"Az SAS olyan speci\u00e1lis szolg\u00e1ltat\u00e1sokat ny\u00fajt, hogy ezekmegfeleljen a a jogi el\u0151\u00edr\u00e1soknak, valamint a kor technikai \u00e9s munkabiztons\u00e1gi k\u00f6vetelm\u00e9nyeinek.","og_url":"https:\/\/solutionsandsafety.com\/en\/munkabiztonsag-munkavedelem-kornyezetvedelem-sas\/","og_site_name":"solutionsandsafety.com","article_modified_time":"2023-02-03T09:57:06+00:00","og_image":[{"width":500,"height":500,"url":"https:\/\/solutionsandsafety.com\/wp-content\/uploads\/2022\/08\/Alcimsor-hozzaadasa-110-\u00d7-100-keppont-90-\u00d7-60-keppont-90-\u00d7-60-keppont-1000-\u00d7-1000-keppont-Logo.png","type":"image\/png"}],"twitter_card":"summary_large_image","twitter_misc":{"Estimated reading time":"1 minute"},"schema":{"@context":"https:\/\/schema.org","@graph":[{"@type":"WebPage","@id":"https:\/\/solutionsandsafety.com\/munkabiztonsag-munkavedelem-kornyezetvedelem-sas\/","url":"https:\/\/solutionsandsafety.com\/munkabiztonsag-munkavedelem-kornyezetvedelem-sas\/","name":"R\u00f3lunk - solutionsandsafety.com","isPartOf":{"@id":"https:\/\/solutionsandsafety.com\/#website"},"primaryImageOfPage":{"@id":"https:\/\/solutionsandsafety.com\/munkabiztonsag-munkavedelem-kornyezetvedelem-sas\/#primaryimage"},"image":{"@id":"https:\/\/solutionsandsafety.com\/munkabiztonsag-munkavedelem-kornyezetvedelem-sas\/#primaryimage"},"thumbnailUrl":"https:\/\/solutionsandsafety.com\/wp-content\/uploads\/2022\/08\/Alcimsor-hozzaadasa-110-\u00d7-100-keppont-90-\u00d7-60-keppont-90-\u00d7-60-keppont-1000-\u00d7-1000-keppont-Logo.png","datePublished":"2022-08-14T17:50:35+00:00","dateModified":"2023-02-03T09:57:06+00:00","description":"Az SAS olyan speci\u00e1lis szolg\u00e1ltat\u00e1sokat ny\u00fajt, hogy ezekmegfeleljen a a jogi el\u0151\u00edr\u00e1soknak, valamint a kor technikai \u00e9s munkabiztons\u00e1gi k\u00f6vetelm\u00e9nyeinek.","breadcrumb":{"@id":"https:\/\/solutionsandsafety.com\/munkabiztonsag-munkavedelem-kornyezetvedelem-sas\/#breadcrumb"},"inLanguage":"en-GB","potentialAction":[{"@type":"ReadAction","target":["https:\/\/solutionsandsafety.com\/munkabiztonsag-munkavedelem-kornyezetvedelem-sas\/"]}]},{"@type":"ImageObject","inLanguage":"en-GB","@id":"https:\/\/solutionsandsafety.com\/munkabiztonsag-munkavedelem-kornyezetvedelem-sas\/#primaryimage","url":"https:\/\/solutionsandsafety.com\/wp-content\/uploads\/2022\/08\/Alcimsor-hozzaadasa-110-\u00d7-100-keppont-90-\u00d7-60-keppont-90-\u00d7-60-keppont-1000-\u00d7-1000-keppont-Logo.png","contentUrl":"https:\/\/solutionsandsafety.com\/wp-content\/uploads\/2022\/08\/Alcimsor-hozzaadasa-110-\u00d7-100-keppont-90-\u00d7-60-keppont-90-\u00d7-60-keppont-1000-\u00d7-1000-keppont-Logo.png","width":500,"height":500},{"@type":"BreadcrumbList","@id":"https:\/\/solutionsandsafety.com\/munkabiztonsag-munkavedelem-kornyezetvedelem-sas\/#breadcrumb","itemListElement":[{"@type":"ListItem","position":1,"name":"Kezd\u0151lap","item":"https:\/\/solutionsandsafety.com\/"},{"@type":"ListItem","position":2,"name":"R\u00f3lunk"}]},{"@type":"WebSite","@id":"https:\/\/solutionsandsafety.com\/#website","url":"https:\/\/solutionsandsafety.com\/","name":"solutionsandsafety.com","description":"Munkav\u00e9delem \u00e9s biztons\u00e1g","publisher":{"@id":"https:\/\/solutionsandsafety.com\/#organization"},"potentialAction":[{"@type":"SearchAction","target":{"@type":"EntryPoint","urlTemplate":"https:\/\/solutionsandsafety.com\/?s={search_term_string}"},"query-input":{"@type":"PropertyValueSpecification","valueRequired":true,"valueName":"search_term_string"}}],"inLanguage":"en-GB"},{"@type":"Organization","@id":"https:\/\/solutionsandsafety.com\/#organization","name":"solutionsandsafety.kft","url":"https:\/\/solutionsandsafety.com\/","logo":{"@type":"ImageObject","inLanguage":"en-GB","@id":"https:\/\/solutionsandsafety.com\/#\/schema\/logo\/image\/","url":"https:\/\/solutionsandsafety.com\/wp-content\/uploads\/2022\/08\/Alcimsor-hozzaadasa-110-\u00d7-100-keppont-90-\u00d7-60-keppont-90-\u00d7-60-keppont-1000-\u00d7-1000-keppont-Logo.png","contentUrl":"https:\/\/solutionsandsafety.com\/wp-content\/uploads\/2022\/08\/Alcimsor-hozzaadasa-110-\u00d7-100-keppont-90-\u00d7-60-keppont-90-\u00d7-60-keppont-1000-\u00d7-1000-keppont-Logo.png","width":500,"height":500,"caption":"solutionsandsafety.kft"},"image":{"@id":"https:\/\/solutionsandsafety.com\/#\/schema\/logo\/image\/"}}]}},"_links":{"self":[{"href":"https:\/\/solutionsandsafety.com\/en\/wp-json\/wp\/v2\/pages\/1266","targetHints":{"allow":["GET"]}}],"collection":[{"href":"https:\/\/solutionsandsafety.com\/en\/wp-json\/wp\/v2\/pages"}],"about":[{"href":"https:\/\/solutionsandsafety.com\/en\/wp-json\/wp\/v2\/types\/page"}],"author":[{"embeddable":true,"href":"https:\/\/solutionsandsafety.com\/en\/wp-json\/wp\/v2\/users\/1"}],"replies":[{"embeddable":true,"href":"https:\/\/solutionsandsafety.com\/en\/wp-json\/wp\/v2\/comments?post=1266"}],"version-history":[{"count":57,"href":"https:\/\/solutionsandsafety.com\/en\/wp-json\/wp\/v2\/pages\/1266\/revisions"}],"predecessor-version":[{"id":1972,"href":"https:\/\/solutionsandsafety.com\/en\/wp-json\/wp\/v2\/pages\/1266\/revisions\/1972"}],"wp:featuredmedia":[{"embeddable":true,"href":"https:\/\/solutionsandsafety.com\/en\/wp-json\/wp\/v2\/media\/940"}],"wp:attachment":[{"href":"https:\/\/solutionsandsafety.com\/en\/wp-json\/wp\/v2\/media?parent=1266"}],"curies":[{"name":"wp","href":"https:\/\/api.w.org\/{rel}","templated":true}]}}