{"id":1411,"date":"2022-08-15T11:37:07","date_gmt":"2022-08-15T09:37:07","guid":{"rendered":"https:\/\/solutionsandsafety.com\/?page_id=1411"},"modified":"2024-09-30T18:30:33","modified_gmt":"2024-09-30T16:30:33","slug":"kiemelt-projektekmunkavedelproject","status":"publish","type":"page","link":"https:\/\/solutionsandsafety.com\/en\/kiemelt-projektekmunkavedelproject\/","title":{"rendered":"Priority Projects"},"content":{"rendered":"<div data-elementor-type=\"wp-page\" data-elementor-id=\"1411\" class=\"elementor elementor-1411\">\n\t\t\t\t\t\t<section class=\"elementor-section elementor-top-section elementor-element elementor-element-5403121 elementor-section-boxed elementor-section-height-default elementor-section-height-default\" data-id=\"5403121\" data-element_type=\"section\" data-e-type=\"section\" data-settings=\"{&quot;background_background&quot;:&quot;classic&quot;}\">\n\t\t\t\t\t\t<div class=\"elementor-container elementor-column-gap-default\">\n\t\t\t\t\t<div class=\"elementor-column elementor-col-100 elementor-top-column elementor-element elementor-element-5b0a6a3\" data-id=\"5b0a6a3\" data-element_type=\"column\" data-e-type=\"column\">\n\t\t\t<div class=\"elementor-widget-wrap elementor-element-populated\">\n\t\t\t\t\t\t<div class=\"elementor-element elementor-element-3f0eb66 elementor-widget elementor-widget-heading\" data-id=\"3f0eb66\" data-element_type=\"widget\" data-e-type=\"widget\" data-widget_type=\"heading.default\">\n\t\t\t\t<div class=\"elementor-widget-container\">\n\t\t\t\t\t<h2 class=\"elementor-heading-title elementor-size-default\">Our partners enjoy anonymity<\/h2>\t\t\t\t<\/div>\n\t\t\t\t<\/div>\n\t\t\t\t\t<\/div>\n\t\t<\/div>\n\t\t\t\t\t<\/div>\n\t\t<\/section>\n\t\t\t\t<section class=\"elementor-section elementor-top-section elementor-element elementor-element-32fcf2e elementor-section-boxed elementor-section-height-default elementor-section-height-default\" data-id=\"32fcf2e\" data-element_type=\"section\" data-e-type=\"section\" data-settings=\"{&quot;background_background&quot;:&quot;classic&quot;}\">\n\t\t\t\t\t\t\t<div class=\"elementor-background-overlay\"><\/div>\n\t\t\t\t\t\t\t<div class=\"elementor-container elementor-column-gap-default\">\n\t\t\t\t\t<div class=\"elementor-column elementor-col-100 elementor-top-column elementor-element elementor-element-7d92ddd\" data-id=\"7d92ddd\" data-element_type=\"column\" data-e-type=\"column\">\n\t\t\t<div class=\"elementor-widget-wrap elementor-element-populated\">\n\t\t\t\t\t\t<div class=\"elementor-element elementor-element-cd3bab0 elementor-widget elementor-widget-heading\" data-id=\"cd3bab0\" data-element_type=\"widget\" data-e-type=\"widget\" data-widget_type=\"heading.default\">\n\t\t\t\t<div class=\"elementor-widget-container\">\n\t\t\t\t\t<h2 class=\"elementor-heading-title elementor-size-default\">Priority Projects<\/h2>\t\t\t\t<\/div>\n\t\t\t\t<\/div>\n\t\t\t\t<div class=\"elementor-element elementor-element-e3a0c4a elementor-widget__width-initial elementor-widget elementor-widget-text-editor\" data-id=\"e3a0c4a\" data-element_type=\"widget\" data-e-type=\"widget\" data-widget_type=\"text-editor.default\">\n\t\t\t\t<div class=\"elementor-widget-container\">\n\t\t\t\t\t\t\t\t\t<p>In the case of a contract concluded with our office, we take all work and fire protection-related concerns off the shoulders of the Dear Client.<\/p>\t\t\t\t\t\t\t\t<\/div>\n\t\t\t\t<\/div>\n\t\t\t\t<div class=\"elementor-element elementor-element-33951c3 elementor-widget-divider--view-line elementor-widget elementor-widget-divider\" data-id=\"33951c3\" data-element_type=\"widget\" data-e-type=\"widget\" data-widget_type=\"divider.default\">\n\t\t\t\t<div class=\"elementor-widget-container\">\n\t\t\t\t\t\t\t<div class=\"elementor-divider\">\n\t\t\t<span class=\"elementor-divider-separator\">\n\t\t\t\t\t\t<\/span>\n\t\t<\/div>\n\t\t\t\t\t\t<\/div>\n\t\t\t\t<\/div>\n\t\t\t\t<section class=\"elementor-section elementor-inner-section elementor-element elementor-element-6e167f7 elementor-section-boxed elementor-section-height-default elementor-section-height-default\" data-id=\"6e167f7\" data-element_type=\"section\" data-e-type=\"section\">\n\t\t\t\t\t\t<div class=\"elementor-container elementor-column-gap-default\">\n\t\t\t\t\t<div class=\"elementor-column elementor-col-33 elementor-inner-column elementor-element elementor-element-2e33e31\" data-id=\"2e33e31\" data-element_type=\"column\" data-e-type=\"column\" data-settings=\"{&quot;background_background&quot;:&quot;classic&quot;}\">\n\t\t\t<div class=\"elementor-widget-wrap elementor-element-populated\">\n\t\t\t\t\t\t<div class=\"elementor-element elementor-element-74dced3 elementor-position-top elementor-widget elementor-widget-image-box\" data-id=\"74dced3\" data-element_type=\"widget\" data-e-type=\"widget\" data-widget_type=\"image-box.default\">\n\t\t\t\t<div class=\"elementor-widget-container\">\n\t\t\t\t\t<div class=\"elementor-image-box-wrapper\"><figure class=\"elementor-image-box-img\"><img decoding=\"async\" width=\"184\" height=\"120\" data-src=\"https:\/\/solutionsandsafety.com\/wp-content\/uploads\/2022\/10\/Nevtelen-184-\u00d7-120-keppont-4.png\" class=\"attachment-full size-full wp-image-1846 lazyload\" alt=\"\" src=\"data:image\/svg+xml;base64,PHN2ZyB3aWR0aD0iMSIgaGVpZ2h0PSIxIiB4bWxucz0iaHR0cDovL3d3dy53My5vcmcvMjAwMC9zdmciPjwvc3ZnPg==\" style=\"--smush-placeholder-width: 184px; --smush-placeholder-aspect-ratio: 184\/120;\" \/><\/figure><div class=\"elementor-image-box-content\"><p class=\"elementor-image-box-description\">Project<\/p><\/div><\/div>\t\t\t\t<\/div>\n\t\t\t\t<\/div>\n\t\t\t\t\t<\/div>\n\t\t<\/div>\n\t\t\t\t<div class=\"elementor-column elementor-col-33 elementor-inner-column elementor-element elementor-element-7a9f6a4\" data-id=\"7a9f6a4\" data-element_type=\"column\" data-e-type=\"column\" data-settings=\"{&quot;background_background&quot;:&quot;classic&quot;}\">\n\t\t\t<div class=\"elementor-widget-wrap elementor-element-populated\">\n\t\t\t\t\t\t<div class=\"elementor-element elementor-element-10fd463 elementor-position-top elementor-widget elementor-widget-image-box\" data-id=\"10fd463\" data-element_type=\"widget\" data-e-type=\"widget\" data-widget_type=\"image-box.default\">\n\t\t\t\t<div class=\"elementor-widget-container\">\n\t\t\t\t\t<div class=\"elementor-image-box-wrapper\"><figure class=\"elementor-image-box-img\"><img decoding=\"async\" width=\"184\" height=\"120\" data-src=\"https:\/\/solutionsandsafety.com\/wp-content\/uploads\/2022\/10\/Nevtelen-184-\u00d7-120-keppont-3.png\" class=\"attachment-full size-full wp-image-1845 lazyload\" alt=\"\" src=\"data:image\/svg+xml;base64,PHN2ZyB3aWR0aD0iMSIgaGVpZ2h0PSIxIiB4bWxucz0iaHR0cDovL3d3dy53My5vcmcvMjAwMC9zdmciPjwvc3ZnPg==\" style=\"--smush-placeholder-width: 184px; --smush-placeholder-aspect-ratio: 184\/120;\" \/><\/figure><div class=\"elementor-image-box-content\"><p class=\"elementor-image-box-description\">Project<\/p><\/div><\/div>\t\t\t\t<\/div>\n\t\t\t\t<\/div>\n\t\t\t\t\t<\/div>\n\t\t<\/div>\n\t\t\t\t<div class=\"elementor-column elementor-col-33 elementor-inner-column elementor-element elementor-element-03f36cd\" data-id=\"03f36cd\" data-element_type=\"column\" data-e-type=\"column\" data-settings=\"{&quot;background_background&quot;:&quot;classic&quot;}\">\n\t\t\t<div class=\"elementor-widget-wrap elementor-element-populated\">\n\t\t\t\t\t\t<div class=\"elementor-element elementor-element-ade8677 elementor-position-top elementor-widget elementor-widget-image-box\" data-id=\"ade8677\" data-element_type=\"widget\" data-e-type=\"widget\" data-widget_type=\"image-box.default\">\n\t\t\t\t<div class=\"elementor-widget-container\">\n\t\t\t\t\t<div class=\"elementor-image-box-wrapper\"><figure class=\"elementor-image-box-img\"><img decoding=\"async\" width=\"184\" height=\"120\" data-src=\"https:\/\/solutionsandsafety.com\/wp-content\/uploads\/2022\/10\/Nevtelen-184-\u00d7-120-keppont-2.png\" class=\"attachment-full size-full wp-image-1844 lazyload\" alt=\"\" src=\"data:image\/svg+xml;base64,PHN2ZyB3aWR0aD0iMSIgaGVpZ2h0PSIxIiB4bWxucz0iaHR0cDovL3d3dy53My5vcmcvMjAwMC9zdmciPjwvc3ZnPg==\" style=\"--smush-placeholder-width: 184px; --smush-placeholder-aspect-ratio: 184\/120;\" \/><\/figure><div class=\"elementor-image-box-content\"><p class=\"elementor-image-box-description\">Project<\/p><\/div><\/div>\t\t\t\t<\/div>\n\t\t\t\t<\/div>\n\t\t\t\t\t<\/div>\n\t\t<\/div>\n\t\t\t\t\t<\/div>\n\t\t<\/section>\n\t\t\t\t\t<\/div>\n\t\t<\/div>\n\t\t\t\t\t<\/div>\n\t\t<\/section>\n\t\t\t\t<\/div>","protected":false},"excerpt":{"rendered":"<p>Szerz\u0151d\u00f6tt partnereink anonimit\u00e1st \u00e9lveznek Kiemelt Projektek Irod\u00e1nkkal k\u00f6t\u00f6tt szerz\u0151d\u00e9s eset\u00e9n levessz\u00fck a Tisztelt Megb\u00edz\u00f3 v\u00e1ll\u00e1r\u00f3l minden, a munka \u00e9s t\u0171zv\u00e9delemmel kapcsolatos gondot. Project Project Project<\/p>","protected":false},"author":1,"featured_media":940,"parent":0,"menu_order":0,"comment_status":"closed","ping_status":"closed","template":"elementor_header_footer","meta":{"footnotes":""},"class_list":["post-1411","page","type-page","status-publish","has-post-thumbnail","hentry"],"yoast_head":"<!-- This site is optimized with the Yoast SEO plugin v27.4 - https:\/\/yoast.com\/product\/yoast-seo-wordpress\/ -->\n<title>Kiemelt Projektek - solutionsandsafety.com<\/title>\n<meta name=\"description\" content=\"Irod\u00e1nkkal k\u00f6t\u00f6tt szerz\u0151d\u00e9s eset\u00e9n levessz\u00fck a Tisztelt Megb\u00edz\u00f3 v\u00e1ll\u00e1r\u00f3l minden, a munka \u00e9s t\u0171zv\u00e9delemmel kapcsolatos gondot.\" \/>\n<meta name=\"robots\" content=\"index, follow, max-snippet:-1, max-image-preview:large, max-video-preview:-1\" \/>\n<link rel=\"canonical\" href=\"https:\/\/solutionsandsafety.com\/en\/kiemelt-projektekmunkavedelproject\/\" \/>\n<meta property=\"og:locale\" content=\"en_GB\" \/>\n<meta property=\"og:type\" content=\"article\" \/>\n<meta property=\"og:title\" content=\"Kiemelt Projektek - solutionsandsafety.com\" \/>\n<meta property=\"og:description\" content=\"Irod\u00e1nkkal k\u00f6t\u00f6tt szerz\u0151d\u00e9s eset\u00e9n levessz\u00fck a Tisztelt Megb\u00edz\u00f3 v\u00e1ll\u00e1r\u00f3l minden, a munka \u00e9s t\u0171zv\u00e9delemmel kapcsolatos gondot.\" \/>\n<meta property=\"og:url\" content=\"https:\/\/solutionsandsafety.com\/en\/kiemelt-projektekmunkavedelproject\/\" \/>\n<meta property=\"og:site_name\" content=\"solutionsandsafety.com\" \/>\n<meta property=\"article:modified_time\" content=\"2024-09-30T16:30:33+00:00\" \/>\n<meta property=\"og:image\" content=\"https:\/\/solutionsandsafety.com\/wp-content\/uploads\/2022\/08\/Alcimsor-hozzaadasa-110-\u00d7-100-keppont-90-\u00d7-60-keppont-90-\u00d7-60-keppont-1000-\u00d7-1000-keppont-Logo.png\" \/>\n\t<meta property=\"og:image:width\" content=\"500\" \/>\n\t<meta property=\"og:image:height\" content=\"500\" \/>\n\t<meta property=\"og:image:type\" content=\"image\/png\" \/>\n<meta name=\"twitter:card\" content=\"summary_large_image\" \/>\n<meta name=\"twitter:label1\" content=\"Estimated reading time\" \/>\n\t<meta name=\"twitter:data1\" content=\"1 minute\" \/>\n<script type=\"application\/ld+json\" class=\"yoast-schema-graph\">{\"@context\":\"https:\\\/\\\/schema.org\",\"@graph\":[{\"@type\":\"WebPage\",\"@id\":\"https:\\\/\\\/solutionsandsafety.com\\\/kiemelt-projektekmunkavedelproject\\\/\",\"url\":\"https:\\\/\\\/solutionsandsafety.com\\\/kiemelt-projektekmunkavedelproject\\\/\",\"name\":\"Kiemelt Projektek - solutionsandsafety.com\",\"isPartOf\":{\"@id\":\"https:\\\/\\\/solutionsandsafety.com\\\/#website\"},\"primaryImageOfPage\":{\"@id\":\"https:\\\/\\\/solutionsandsafety.com\\\/kiemelt-projektekmunkavedelproject\\\/#primaryimage\"},\"image\":{\"@id\":\"https:\\\/\\\/solutionsandsafety.com\\\/kiemelt-projektekmunkavedelproject\\\/#primaryimage\"},\"thumbnailUrl\":\"https:\\\/\\\/solutionsandsafety.com\\\/wp-content\\\/uploads\\\/2022\\\/08\\\/Alcimsor-hozzaadasa-110-\u00d7-100-keppont-90-\u00d7-60-keppont-90-\u00d7-60-keppont-1000-\u00d7-1000-keppont-Logo.png\",\"datePublished\":\"2022-08-15T09:37:07+00:00\",\"dateModified\":\"2024-09-30T16:30:33+00:00\",\"description\":\"Irod\u00e1nkkal k\u00f6t\u00f6tt szerz\u0151d\u00e9s eset\u00e9n levessz\u00fck a Tisztelt Megb\u00edz\u00f3 v\u00e1ll\u00e1r\u00f3l minden, a munka \u00e9s t\u0171zv\u00e9delemmel kapcsolatos gondot.\",\"breadcrumb\":{\"@id\":\"https:\\\/\\\/solutionsandsafety.com\\\/kiemelt-projektekmunkavedelproject\\\/#breadcrumb\"},\"inLanguage\":\"en-GB\",\"potentialAction\":[{\"@type\":\"ReadAction\",\"target\":[\"https:\\\/\\\/solutionsandsafety.com\\\/kiemelt-projektekmunkavedelproject\\\/\"]}]},{\"@type\":\"ImageObject\",\"inLanguage\":\"en-GB\",\"@id\":\"https:\\\/\\\/solutionsandsafety.com\\\/kiemelt-projektekmunkavedelproject\\\/#primaryimage\",\"url\":\"https:\\\/\\\/solutionsandsafety.com\\\/wp-content\\\/uploads\\\/2022\\\/08\\\/Alcimsor-hozzaadasa-110-\u00d7-100-keppont-90-\u00d7-60-keppont-90-\u00d7-60-keppont-1000-\u00d7-1000-keppont-Logo.png\",\"contentUrl\":\"https:\\\/\\\/solutionsandsafety.com\\\/wp-content\\\/uploads\\\/2022\\\/08\\\/Alcimsor-hozzaadasa-110-\u00d7-100-keppont-90-\u00d7-60-keppont-90-\u00d7-60-keppont-1000-\u00d7-1000-keppont-Logo.png\",\"width\":500,\"height\":500},{\"@type\":\"BreadcrumbList\",\"@id\":\"https:\\\/\\\/solutionsandsafety.com\\\/kiemelt-projektekmunkavedelproject\\\/#breadcrumb\",\"itemListElement\":[{\"@type\":\"ListItem\",\"position\":1,\"name\":\"Kezd\u0151lap\",\"item\":\"https:\\\/\\\/solutionsandsafety.com\\\/\"},{\"@type\":\"ListItem\",\"position\":2,\"name\":\"Kiemelt Projektek\"}]},{\"@type\":\"WebSite\",\"@id\":\"https:\\\/\\\/solutionsandsafety.com\\\/#website\",\"url\":\"https:\\\/\\\/solutionsandsafety.com\\\/\",\"name\":\"solutionsandsafety.com\",\"description\":\"Munkav\u00e9delem \u00e9s biztons\u00e1g\",\"publisher\":{\"@id\":\"https:\\\/\\\/solutionsandsafety.com\\\/#organization\"},\"potentialAction\":[{\"@type\":\"SearchAction\",\"target\":{\"@type\":\"EntryPoint\",\"urlTemplate\":\"https:\\\/\\\/solutionsandsafety.com\\\/?s={search_term_string}\"},\"query-input\":{\"@type\":\"PropertyValueSpecification\",\"valueRequired\":true,\"valueName\":\"search_term_string\"}}],\"inLanguage\":\"en-GB\"},{\"@type\":\"Organization\",\"@id\":\"https:\\\/\\\/solutionsandsafety.com\\\/#organization\",\"name\":\"solutionsandsafety.kft\",\"url\":\"https:\\\/\\\/solutionsandsafety.com\\\/\",\"logo\":{\"@type\":\"ImageObject\",\"inLanguage\":\"en-GB\",\"@id\":\"https:\\\/\\\/solutionsandsafety.com\\\/#\\\/schema\\\/logo\\\/image\\\/\",\"url\":\"https:\\\/\\\/solutionsandsafety.com\\\/wp-content\\\/uploads\\\/2022\\\/08\\\/Alcimsor-hozzaadasa-110-\u00d7-100-keppont-90-\u00d7-60-keppont-90-\u00d7-60-keppont-1000-\u00d7-1000-keppont-Logo.png\",\"contentUrl\":\"https:\\\/\\\/solutionsandsafety.com\\\/wp-content\\\/uploads\\\/2022\\\/08\\\/Alcimsor-hozzaadasa-110-\u00d7-100-keppont-90-\u00d7-60-keppont-90-\u00d7-60-keppont-1000-\u00d7-1000-keppont-Logo.png\",\"width\":500,\"height\":500,\"caption\":\"solutionsandsafety.kft\"},\"image\":{\"@id\":\"https:\\\/\\\/solutionsandsafety.com\\\/#\\\/schema\\\/logo\\\/image\\\/\"}}]}<\/script>\n<!-- \/ Yoast SEO plugin. -->","yoast_head_json":{"title":"Kiemelt Projektek - solutionsandsafety.com","description":"Irod\u00e1nkkal k\u00f6t\u00f6tt szerz\u0151d\u00e9s eset\u00e9n levessz\u00fck a Tisztelt Megb\u00edz\u00f3 v\u00e1ll\u00e1r\u00f3l minden, a munka \u00e9s t\u0171zv\u00e9delemmel kapcsolatos gondot.","robots":{"index":"index","follow":"follow","max-snippet":"max-snippet:-1","max-image-preview":"max-image-preview:large","max-video-preview":"max-video-preview:-1"},"canonical":"https:\/\/solutionsandsafety.com\/en\/kiemelt-projektekmunkavedelproject\/","og_locale":"en_GB","og_type":"article","og_title":"Kiemelt Projektek - solutionsandsafety.com","og_description":"Irod\u00e1nkkal k\u00f6t\u00f6tt szerz\u0151d\u00e9s eset\u00e9n levessz\u00fck a Tisztelt Megb\u00edz\u00f3 v\u00e1ll\u00e1r\u00f3l minden, a munka \u00e9s t\u0171zv\u00e9delemmel kapcsolatos gondot.","og_url":"https:\/\/solutionsandsafety.com\/en\/kiemelt-projektekmunkavedelproject\/","og_site_name":"solutionsandsafety.com","article_modified_time":"2024-09-30T16:30:33+00:00","og_image":[{"width":500,"height":500,"url":"https:\/\/solutionsandsafety.com\/wp-content\/uploads\/2022\/08\/Alcimsor-hozzaadasa-110-\u00d7-100-keppont-90-\u00d7-60-keppont-90-\u00d7-60-keppont-1000-\u00d7-1000-keppont-Logo.png","type":"image\/png"}],"twitter_card":"summary_large_image","twitter_misc":{"Estimated reading time":"1 minute"},"schema":{"@context":"https:\/\/schema.org","@graph":[{"@type":"WebPage","@id":"https:\/\/solutionsandsafety.com\/kiemelt-projektekmunkavedelproject\/","url":"https:\/\/solutionsandsafety.com\/kiemelt-projektekmunkavedelproject\/","name":"Kiemelt Projektek - solutionsandsafety.com","isPartOf":{"@id":"https:\/\/solutionsandsafety.com\/#website"},"primaryImageOfPage":{"@id":"https:\/\/solutionsandsafety.com\/kiemelt-projektekmunkavedelproject\/#primaryimage"},"image":{"@id":"https:\/\/solutionsandsafety.com\/kiemelt-projektekmunkavedelproject\/#primaryimage"},"thumbnailUrl":"https:\/\/solutionsandsafety.com\/wp-content\/uploads\/2022\/08\/Alcimsor-hozzaadasa-110-\u00d7-100-keppont-90-\u00d7-60-keppont-90-\u00d7-60-keppont-1000-\u00d7-1000-keppont-Logo.png","datePublished":"2022-08-15T09:37:07+00:00","dateModified":"2024-09-30T16:30:33+00:00","description":"Irod\u00e1nkkal k\u00f6t\u00f6tt szerz\u0151d\u00e9s eset\u00e9n levessz\u00fck a Tisztelt Megb\u00edz\u00f3 v\u00e1ll\u00e1r\u00f3l minden, a munka \u00e9s t\u0171zv\u00e9delemmel kapcsolatos gondot.","breadcrumb":{"@id":"https:\/\/solutionsandsafety.com\/kiemelt-projektekmunkavedelproject\/#breadcrumb"},"inLanguage":"en-GB","potentialAction":[{"@type":"ReadAction","target":["https:\/\/solutionsandsafety.com\/kiemelt-projektekmunkavedelproject\/"]}]},{"@type":"ImageObject","inLanguage":"en-GB","@id":"https:\/\/solutionsandsafety.com\/kiemelt-projektekmunkavedelproject\/#primaryimage","url":"https:\/\/solutionsandsafety.com\/wp-content\/uploads\/2022\/08\/Alcimsor-hozzaadasa-110-\u00d7-100-keppont-90-\u00d7-60-keppont-90-\u00d7-60-keppont-1000-\u00d7-1000-keppont-Logo.png","contentUrl":"https:\/\/solutionsandsafety.com\/wp-content\/uploads\/2022\/08\/Alcimsor-hozzaadasa-110-\u00d7-100-keppont-90-\u00d7-60-keppont-90-\u00d7-60-keppont-1000-\u00d7-1000-keppont-Logo.png","width":500,"height":500},{"@type":"BreadcrumbList","@id":"https:\/\/solutionsandsafety.com\/kiemelt-projektekmunkavedelproject\/#breadcrumb","itemListElement":[{"@type":"ListItem","position":1,"name":"Kezd\u0151lap","item":"https:\/\/solutionsandsafety.com\/"},{"@type":"ListItem","position":2,"name":"Kiemelt Projektek"}]},{"@type":"WebSite","@id":"https:\/\/solutionsandsafety.com\/#website","url":"https:\/\/solutionsandsafety.com\/","name":"solutionsandsafety.com","description":"Munkav\u00e9delem \u00e9s biztons\u00e1g","publisher":{"@id":"https:\/\/solutionsandsafety.com\/#organization"},"potentialAction":[{"@type":"SearchAction","target":{"@type":"EntryPoint","urlTemplate":"https:\/\/solutionsandsafety.com\/?s={search_term_string}"},"query-input":{"@type":"PropertyValueSpecification","valueRequired":true,"valueName":"search_term_string"}}],"inLanguage":"en-GB"},{"@type":"Organization","@id":"https:\/\/solutionsandsafety.com\/#organization","name":"solutionsandsafety.kft","url":"https:\/\/solutionsandsafety.com\/","logo":{"@type":"ImageObject","inLanguage":"en-GB","@id":"https:\/\/solutionsandsafety.com\/#\/schema\/logo\/image\/","url":"https:\/\/solutionsandsafety.com\/wp-content\/uploads\/2022\/08\/Alcimsor-hozzaadasa-110-\u00d7-100-keppont-90-\u00d7-60-keppont-90-\u00d7-60-keppont-1000-\u00d7-1000-keppont-Logo.png","contentUrl":"https:\/\/solutionsandsafety.com\/wp-content\/uploads\/2022\/08\/Alcimsor-hozzaadasa-110-\u00d7-100-keppont-90-\u00d7-60-keppont-90-\u00d7-60-keppont-1000-\u00d7-1000-keppont-Logo.png","width":500,"height":500,"caption":"solutionsandsafety.kft"},"image":{"@id":"https:\/\/solutionsandsafety.com\/#\/schema\/logo\/image\/"}}]}},"_links":{"self":[{"href":"https:\/\/solutionsandsafety.com\/en\/wp-json\/wp\/v2\/pages\/1411","targetHints":{"allow":["GET"]}}],"collection":[{"href":"https:\/\/solutionsandsafety.com\/en\/wp-json\/wp\/v2\/pages"}],"about":[{"href":"https:\/\/solutionsandsafety.com\/en\/wp-json\/wp\/v2\/types\/page"}],"author":[{"embeddable":true,"href":"https:\/\/solutionsandsafety.com\/en\/wp-json\/wp\/v2\/users\/1"}],"replies":[{"embeddable":true,"href":"https:\/\/solutionsandsafety.com\/en\/wp-json\/wp\/v2\/comments?post=1411"}],"version-history":[{"count":139,"href":"https:\/\/solutionsandsafety.com\/en\/wp-json\/wp\/v2\/pages\/1411\/revisions"}],"predecessor-version":[{"id":2157,"href":"https:\/\/solutionsandsafety.com\/en\/wp-json\/wp\/v2\/pages\/1411\/revisions\/2157"}],"wp:featuredmedia":[{"embeddable":true,"href":"https:\/\/solutionsandsafety.com\/en\/wp-json\/wp\/v2\/media\/940"}],"wp:attachment":[{"href":"https:\/\/solutionsandsafety.com\/en\/wp-json\/wp\/v2\/media?parent=1411"}],"curies":[{"name":"wp","href":"https:\/\/api.w.org\/{rel}","templated":true}]}}